{"id":2238,"date":"2021-04-30T23:49:12","date_gmt":"2021-04-30T23:49:12","guid":{"rendered":"https:\/\/ark.ihracatpro.co\/?page_id=2238"},"modified":"2024-01-22T07:38:58","modified_gmt":"2024-01-22T07:38:58","slug":"ark-1500-perforacion","status":"publish","type":"page","link":"https:\/\/arkdrilling.com\/es\/ark-1500-perforacion\/","title":{"rendered":"ARK 1500 Perforaci\u00f3n"},"content":{"rendered":"\t\t<div data-elementor-type=\"wp-page\" data-elementor-id=\"2238\" class=\"elementor elementor-2238\">\n\t\t\t\t\t\t\t\t\t<section class=\"elementor-section elementor-top-section elementor-element elementor-element-bb841bb elementor-section-boxed elementor-section-height-default elementor-section-height-default elementor-invisible\" data-id=\"bb841bb\" data-element_type=\"section\" data-settings=\"{&quot;background_background&quot;:&quot;classic&quot;,&quot;animation&quot;:&quot;fadeIn&quot;}\">\n\t\t\t\t\t\t\t<div class=\"elementor-background-overlay\"><\/div>\n\t\t\t\t\t\t\t<div class=\"elementor-container elementor-column-gap-default\">\n\t\t\t\t\t<div class=\"elementor-column elementor-col-100 elementor-top-column elementor-element elementor-element-196070b\" data-id=\"196070b\" data-element_type=\"column\">\n\t\t\t<div class=\"elementor-widget-wrap elementor-element-populated\">\n\t\t\t\t\t\t\t\t<div class=\"elementor-element elementor-element-311ef9fb elementor-widget elementor-widget-heading\" data-id=\"311ef9fb\" data-element_type=\"widget\" data-widget_type=\"heading.default\">\n\t\t\t\t<div class=\"elementor-widget-container\">\n\t\t\t<h1 class=\"elementor-heading-title elementor-size-default\"><i class=\"fas fa-chevron-right\" style=\"font-size:30px; margin-right:6px;\"><\/i> ARK 1500<\/h1>\t\t<\/div>\n\t\t\t\t<\/div>\n\t\t\t\t<div class=\"elementor-element elementor-element-a21ce5a elementor-widget elementor-widget-heading\" data-id=\"a21ce5a\" data-element_type=\"widget\" data-widget_type=\"heading.default\">\n\t\t\t\t<div class=\"elementor-widget-container\">\n\t\t\t<span class=\"elementor-heading-title elementor-size-default\">Una selecci\u00f3n de proyectos exclusivos<\/span>\t\t<\/div>\n\t\t\t\t<\/div>\n\t\t\t\t\t<\/div>\n\t\t<\/div>\n\t\t\t\t\t\t\t<\/div>\n\t\t<\/section>\n\t\t\t\t<section class=\"elementor-section elementor-top-section elementor-element elementor-element-63d96ef0 elementor-section-boxed elementor-section-height-default elementor-section-height-default\" data-id=\"63d96ef0\" data-element_type=\"section\">\n\t\t\t\t\t\t<div class=\"elementor-container elementor-column-gap-default\">\n\t\t\t\t\t<div class=\"elementor-column elementor-col-100 elementor-top-column elementor-element elementor-element-7bf6e639\" data-id=\"7bf6e639\" data-element_type=\"column\">\n\t\t\t<div class=\"elementor-widget-wrap elementor-element-populated\">\n\t\t\t\t\t\t\t\t<div class=\"elementor-element elementor-element-7682dda2 elementor-invisible elementor-widget elementor-widget-heading\" data-id=\"7682dda2\" data-element_type=\"widget\" data-settings=\"{&quot;_animation&quot;:&quot;fadeIn&quot;,&quot;_animation_delay&quot;:300}\" data-widget_type=\"heading.default\">\n\t\t\t\t<div class=\"elementor-widget-container\">\n\t\t\t<h2 class=\"elementor-heading-title elementor-size-default\">Especificaciones T\u00e9cnicas<\/h2>\t\t<\/div>\n\t\t\t\t<\/div>\n\t\t\t\t<div class=\"elementor-element elementor-element-11ee61c8 elementor-absolute elementor-view-default elementor-widget elementor-widget-icon\" data-id=\"11ee61c8\" data-element_type=\"widget\" data-settings=\"{&quot;_position&quot;:&quot;absolute&quot;}\" data-widget_type=\"icon.default\">\n\t\t\t\t<div class=\"elementor-widget-container\">\n\t\t\t\t\t<div class=\"elementor-icon-wrapper\">\n\t\t\t<div class=\"elementor-icon\">\n\t\t\t<i aria-hidden=\"true\" class=\"fas fa-stream\"><\/i>\t\t\t<\/div>\n\t\t<\/div>\n\t\t\t\t<\/div>\n\t\t\t\t<\/div>\n\t\t\t\t\t<\/div>\n\t\t<\/div>\n\t\t\t\t\t\t\t<\/div>\n\t\t<\/section>\n\t\t\t\t<section class=\"elementor-section elementor-top-section elementor-element elementor-element-324863ee elementor-section-boxed elementor-section-height-default elementor-section-height-default\" data-id=\"324863ee\" data-element_type=\"section\">\n\t\t\t\t\t\t<div class=\"elementor-container elementor-column-gap-default\">\n\t\t\t\t\t<div class=\"elementor-column elementor-col-100 elementor-top-column elementor-element elementor-element-1991506e\" data-id=\"1991506e\" data-element_type=\"column\">\n\t\t\t<div class=\"elementor-widget-wrap elementor-element-populated\">\n\t\t\t\t\t\t\t\t<div class=\"elementor-element elementor-element-3a73972c elementor-widget elementor-widget-text-editor\" data-id=\"3a73972c\" data-element_type=\"widget\" data-widget_type=\"text-editor.default\">\n\t\t\t\t<div class=\"elementor-widget-container\">\n\t\t\t\t\t\t\t<table dir=\"ltr\" border=\"1\" cellspacing=\"0\" cellpadding=\"0\"><colgroup><col width=\"301\" \/><col width=\"291\" \/><\/colgroup><tbody><tr><td data-sheets-value=\"{&quot;1&quot;:2,&quot;2&quot;:&quot;DI\u00c1METRO DE PERFORACI\u00d3N&quot;}\">DI\u00c1METRO DE PERFORACI\u00d3N<\/td><td data-sheets-value=\"{&quot;1&quot;:2,&quot;2&quot;:&quot;8 \u00bd\\&quot; a 24\\&quot;&quot;}\">8 \u00bd\u00bb a 24&#8243;<\/td><\/tr><tr><td data-sheets-value=\"{&quot;1&quot;:2,&quot;2&quot;:&quot;PROFUNDIDAD M\u00c1XIMA&quot;}\">PROFUNDIDAD M\u00c1XIMA<\/td><td data-sheets-value=\"{&quot;1&quot;:2,&quot;2&quot;:&quot;1500 M w 3-1\/2\u201d DP&quot;}\">1500 M w 3-1\/2\u201d DP<\/td><\/tr><tr><td data-sheets-value=\"{&quot;1&quot;:2,&quot;2&quot;:&quot;PODER&quot;}\">PODER<\/td><td data-sheets-value=\"{&quot;1&quot;:3,&quot;3&quot;:420}\">420<\/td><\/tr><tr><td data-sheets-value=\"{&quot;1&quot;:2,&quot;2&quot;:&quot;FORMACI\u00d3N&quot;}\">FORMACI\u00d3N<\/td><td data-sheets-value=\"{&quot;1&quot;:2,&quot;2&quot;:&quot;Suave &amp; Piedra&quot;}\">Suave &amp; Piedra<\/td><\/tr><tr><td data-sheets-value=\"{&quot;1&quot;:2,&quot;2&quot;:&quot;M\u00c9TODO DE PERFORACI\u00d3N&quot;}\">M\u00c9TODO DE PERFORACI\u00d3N<\/td><td data-sheets-value=\"{&quot;1&quot;:2,&quot;2&quot;:&quot;Rotativo\u2013 Lodo &amp; Perforaci\u00f3n de Aire&quot;}\">Rotativo\u2013 Lodo &amp; Perforaci\u00f3n de Aire<\/td><\/tr><tr><td data-sheets-value=\"{&quot;1&quot;:2,&quot;2&quot;:&quot;TORRE&quot;}\">TORRE<\/td><td data-sheets-value=\"{&quot;1&quot;:2,&quot;2&quot;:&quot;Altura libre del torre 16 metros&quot;}\">Altura libre del torre 16 metros<\/td><\/tr><tr><td data-sheets-value=\"{&quot;1&quot;:2,&quot;2&quot;:&quot;VELOCIDAD ROTATIVA&quot;}\">VELOCIDAD ROTATIVA<\/td><td data-sheets-value=\"{&quot;1&quot;:2,&quot;2&quot;:&quot;0-330 rpm&quot;}\">0-330 rpm<\/td><\/tr><tr><td data-sheets-value=\"{&quot;1&quot;:2,&quot;2&quot;:&quot;PORTADORA&quot;}\">PORTADORA<\/td><td data-sheets-value=\"{&quot;1&quot;:2,&quot;2&quot;:&quot;EN CHASIS &amp; CAMI\u00d3N &amp; SEMIREMOLQUE&quot;}\">EN CHASIS &amp; CAMI\u00d3N &amp; SEMIREMOLQUE<\/td><\/tr><\/tbody><\/table>\t\t\t\t\t\t<\/div>\n\t\t\t\t<\/div>\n\t\t\t\t\t<\/div>\n\t\t<\/div>\n\t\t\t\t\t\t\t<\/div>\n\t\t<\/section>\n\t\t\t\t<section class=\"elementor-section elementor-top-section elementor-element elementor-element-305b092b elementor-section-boxed elementor-section-height-default elementor-section-height-default\" data-id=\"305b092b\" data-element_type=\"section\" data-settings=\"{&quot;background_background&quot;:&quot;classic&quot;}\">\n\t\t\t\t\t\t<div class=\"elementor-container elementor-column-gap-default\">\n\t\t\t\t\t<div class=\"elementor-column elementor-col-100 elementor-top-column elementor-element elementor-element-626ed36f\" data-id=\"626ed36f\" data-element_type=\"column\">\n\t\t\t<div class=\"elementor-widget-wrap elementor-element-populated\">\n\t\t\t\t\t\t\t\t<div class=\"elementor-element elementor-element-22812ac2 elementor-widget elementor-widget-heading\" data-id=\"22812ac2\" data-element_type=\"widget\" data-widget_type=\"heading.default\">\n\t\t\t\t<div class=\"elementor-widget-container\">\n\t\t\t<h2 class=\"elementor-heading-title elementor-size-default\">Imagenes<\/h2>\t\t<\/div>\n\t\t\t\t<\/div>\n\t\t\t\t<div class=\"elementor-element elementor-element-1404c69a elementor-absolute elementor-view-default elementor-invisible elementor-widget elementor-widget-icon\" data-id=\"1404c69a\" data-element_type=\"widget\" data-settings=\"{&quot;_animation&quot;:&quot;fadeIn&quot;,&quot;_position&quot;:&quot;absolute&quot;}\" data-widget_type=\"icon.default\">\n\t\t\t\t<div class=\"elementor-widget-container\">\n\t\t\t\t\t<div class=\"elementor-icon-wrapper\">\n\t\t\t<div class=\"elementor-icon\">\n\t\t\t<i aria-hidden=\"true\" class=\"fas fa-stream\"><\/i>\t\t\t<\/div>\n\t\t<\/div>\n\t\t\t\t<\/div>\n\t\t\t\t<\/div>\n\t\t\t\t\t<\/div>\n\t\t<\/div>\n\t\t\t\t\t\t\t<\/div>\n\t\t<\/section>\n\t\t\t\t<section class=\"elementor-section elementor-top-section elementor-element elementor-element-7d40b9d elementor-section-full_width elementor-section-height-default elementor-section-height-default\" data-id=\"7d40b9d\" data-element_type=\"section\">\n\t\t\t\t\t\t<div class=\"elementor-container elementor-column-gap-default\">\n\t\t\t\t\t<div class=\"elementor-column elementor-col-100 elementor-top-column elementor-element elementor-element-fe05e94\" data-id=\"fe05e94\" data-element_type=\"column\">\n\t\t\t<div class=\"elementor-widget-wrap elementor-element-populated\">\n\t\t\t\t\t\t\t\t<div class=\"elementor-element elementor-element-38bd00e elementor-widget elementor-widget-gallery\" data-id=\"38bd00e\" data-element_type=\"widget\" data-settings=\"{&quot;columns&quot;:3,&quot;gap&quot;:{&quot;unit&quot;:&quot;px&quot;,&quot;size&quot;:0,&quot;sizes&quot;:[]},&quot;lazyload&quot;:&quot;yes&quot;,&quot;gallery_layout&quot;:&quot;grid&quot;,&quot;columns_tablet&quot;:2,&quot;columns_mobile&quot;:1,&quot;gap_tablet&quot;:{&quot;unit&quot;:&quot;px&quot;,&quot;size&quot;:10,&quot;sizes&quot;:[]},&quot;gap_mobile&quot;:{&quot;unit&quot;:&quot;px&quot;,&quot;size&quot;:10,&quot;sizes&quot;:[]},&quot;link_to&quot;:&quot;file&quot;,&quot;aspect_ratio&quot;:&quot;3:2&quot;,&quot;overlay_background&quot;:&quot;yes&quot;,&quot;content_hover_animation&quot;:&quot;fade-in&quot;}\" data-widget_type=\"gallery.default\">\n\t\t\t\t<div class=\"elementor-widget-container\">\n\t\t\t\t\t<div class=\"elementor-gallery__container\">\n\t\t\t\t\t\t\t<a class=\"e-gallery-item elementor-gallery-item elementor-animated-content\" href=\"https:\/\/arkdrilling.com\/wp-content\/uploads\/2023\/10\/IMG_0820.jpg\" data-elementor-open-lightbox=\"yes\" data-elementor-lightbox-slideshow=\"all-38bd00e\" data-elementor-lightbox-title=\"IMG_0820\" data-e-action-hash=\"#elementor-action%3Aaction%3Dlightbox%26settings%3DeyJpZCI6NjA4MywidXJsIjoiaHR0cHM6XC9cL2Fya2RyaWxsaW5nLmNvbVwvd3AtY29udGVudFwvdXBsb2Fkc1wvMjAyM1wvMTBcL0lNR18wODIwLmpwZyIsInNsaWRlc2hvdyI6ImFsbC0zOGJkMDBlIn0%3D\">\n\t\t\t\t\t<div class=\"e-gallery-image elementor-gallery-item__image\" data-thumbnail=\"https:\/\/arkdrilling.com\/wp-content\/uploads\/2023\/10\/IMG_0820-768x576.jpg\" data-width=\"768\" data-height=\"576\" alt=\"\" ><\/div>\n\t\t\t\t\t\t\t\t\t\t\t<div class=\"elementor-gallery-item__overlay\"><\/div>\n\t\t\t\t\t\t\t\t\t\t\t\t\t\t<\/a>\n\t\t\t\t\t\t\t<a class=\"e-gallery-item elementor-gallery-item elementor-animated-content\" href=\"https:\/\/arkdrilling.com\/wp-content\/uploads\/2023\/10\/IMG_0823.jpg\" data-elementor-open-lightbox=\"yes\" data-elementor-lightbox-slideshow=\"all-38bd00e\" data-elementor-lightbox-title=\"IMG_0823\" data-e-action-hash=\"#elementor-action%3Aaction%3Dlightbox%26settings%3DeyJpZCI6NjA4NywidXJsIjoiaHR0cHM6XC9cL2Fya2RyaWxsaW5nLmNvbVwvd3AtY29udGVudFwvdXBsb2Fkc1wvMjAyM1wvMTBcL0lNR18wODIzLmpwZyIsInNsaWRlc2hvdyI6ImFsbC0zOGJkMDBlIn0%3D\">\n\t\t\t\t\t<div class=\"e-gallery-image elementor-gallery-item__image\" data-thumbnail=\"https:\/\/arkdrilling.com\/wp-content\/uploads\/2023\/10\/IMG_0823-768x576.jpg\" data-width=\"768\" data-height=\"576\" alt=\"\" ><\/div>\n\t\t\t\t\t\t\t\t\t\t\t<div class=\"elementor-gallery-item__overlay\"><\/div>\n\t\t\t\t\t\t\t\t\t\t\t\t\t\t<\/a>\n\t\t\t\t\t\t\t<a class=\"e-gallery-item elementor-gallery-item elementor-animated-content\" href=\"https:\/\/arkdrilling.com\/wp-content\/uploads\/2023\/10\/IMG_0826.jpg\" data-elementor-open-lightbox=\"yes\" data-elementor-lightbox-slideshow=\"all-38bd00e\" data-elementor-lightbox-title=\"IMG_0826\" data-e-action-hash=\"#elementor-action%3Aaction%3Dlightbox%26settings%3DeyJpZCI6NjA5MSwidXJsIjoiaHR0cHM6XC9cL2Fya2RyaWxsaW5nLmNvbVwvd3AtY29udGVudFwvdXBsb2Fkc1wvMjAyM1wvMTBcL0lNR18wODI2LmpwZyIsInNsaWRlc2hvdyI6ImFsbC0zOGJkMDBlIn0%3D\">\n\t\t\t\t\t<div class=\"e-gallery-image elementor-gallery-item__image\" data-thumbnail=\"https:\/\/arkdrilling.com\/wp-content\/uploads\/2023\/10\/IMG_0826-768x1024.jpg\" data-width=\"768\" data-height=\"1024\" alt=\"\" ><\/div>\n\t\t\t\t\t\t\t\t\t\t\t<div class=\"elementor-gallery-item__overlay\"><\/div>\n\t\t\t\t\t\t\t\t\t\t\t\t\t\t<\/a>\n\t\t\t\t\t\t\t<a class=\"e-gallery-item elementor-gallery-item elementor-animated-content\" href=\"https:\/\/arkdrilling.com\/wp-content\/uploads\/2023\/10\/IMG_0827.jpg\" data-elementor-open-lightbox=\"yes\" data-elementor-lightbox-slideshow=\"all-38bd00e\" data-elementor-lightbox-title=\"IMG_0827\" data-e-action-hash=\"#elementor-action%3Aaction%3Dlightbox%26settings%3DeyJpZCI6NjA5NSwidXJsIjoiaHR0cHM6XC9cL2Fya2RyaWxsaW5nLmNvbVwvd3AtY29udGVudFwvdXBsb2Fkc1wvMjAyM1wvMTBcL0lNR18wODI3LmpwZyIsInNsaWRlc2hvdyI6ImFsbC0zOGJkMDBlIn0%3D\">\n\t\t\t\t\t<div class=\"e-gallery-image elementor-gallery-item__image\" data-thumbnail=\"https:\/\/arkdrilling.com\/wp-content\/uploads\/2023\/10\/IMG_0827-768x576.jpg\" data-width=\"768\" data-height=\"576\" alt=\"\" ><\/div>\n\t\t\t\t\t\t\t\t\t\t\t<div class=\"elementor-gallery-item__overlay\"><\/div>\n\t\t\t\t\t\t\t\t\t\t\t\t\t\t<\/a>\n\t\t\t\t\t\t\t<a class=\"e-gallery-item elementor-gallery-item elementor-animated-content\" href=\"https:\/\/arkdrilling.com\/wp-content\/uploads\/2023\/10\/IMG_0828.jpg\" data-elementor-open-lightbox=\"yes\" data-elementor-lightbox-slideshow=\"all-38bd00e\" data-elementor-lightbox-title=\"IMG_0828\" data-e-action-hash=\"#elementor-action%3Aaction%3Dlightbox%26settings%3DeyJpZCI6NjA5OSwidXJsIjoiaHR0cHM6XC9cL2Fya2RyaWxsaW5nLmNvbVwvd3AtY29udGVudFwvdXBsb2Fkc1wvMjAyM1wvMTBcL0lNR18wODI4LmpwZyIsInNsaWRlc2hvdyI6ImFsbC0zOGJkMDBlIn0%3D\">\n\t\t\t\t\t<div class=\"e-gallery-image elementor-gallery-item__image\" data-thumbnail=\"https:\/\/arkdrilling.com\/wp-content\/uploads\/2023\/10\/IMG_0828-768x576.jpg\" data-width=\"768\" data-height=\"576\" alt=\"\" ><\/div>\n\t\t\t\t\t\t\t\t\t\t\t<div class=\"elementor-gallery-item__overlay\"><\/div>\n\t\t\t\t\t\t\t\t\t\t\t\t\t\t<\/a>\n\t\t\t\t\t\t\t<a class=\"e-gallery-item elementor-gallery-item elementor-animated-content\" href=\"https:\/\/arkdrilling.com\/wp-content\/uploads\/2023\/10\/IMG_0829.jpg\" data-elementor-open-lightbox=\"yes\" data-elementor-lightbox-slideshow=\"all-38bd00e\" data-elementor-lightbox-title=\"IMG_0829\" data-e-action-hash=\"#elementor-action%3Aaction%3Dlightbox%26settings%3DeyJpZCI6NjEwMywidXJsIjoiaHR0cHM6XC9cL2Fya2RyaWxsaW5nLmNvbVwvd3AtY29udGVudFwvdXBsb2Fkc1wvMjAyM1wvMTBcL0lNR18wODI5LmpwZyIsInNsaWRlc2hvdyI6ImFsbC0zOGJkMDBlIn0%3D\">\n\t\t\t\t\t<div class=\"e-gallery-image elementor-gallery-item__image\" data-thumbnail=\"https:\/\/arkdrilling.com\/wp-content\/uploads\/2023\/10\/IMG_0829.jpg\" data-width=\"768\" data-height=\"1024\" alt=\"\" ><\/div>\n\t\t\t\t\t\t\t\t\t\t\t<div class=\"elementor-gallery-item__overlay\"><\/div>\n\t\t\t\t\t\t\t\t\t\t\t\t\t\t<\/a>\n\t\t\t\t\t\t\t<a class=\"e-gallery-item elementor-gallery-item elementor-animated-content\" href=\"https:\/\/arkdrilling.com\/wp-content\/uploads\/2023\/10\/IMG_0830.jpg\" data-elementor-open-lightbox=\"yes\" data-elementor-lightbox-slideshow=\"all-38bd00e\" data-elementor-lightbox-title=\"IMG_0830\" data-e-action-hash=\"#elementor-action%3Aaction%3Dlightbox%26settings%3DeyJpZCI6NjEwNywidXJsIjoiaHR0cHM6XC9cL2Fya2RyaWxsaW5nLmNvbVwvd3AtY29udGVudFwvdXBsb2Fkc1wvMjAyM1wvMTBcL0lNR18wODMwLmpwZyIsInNsaWRlc2hvdyI6ImFsbC0zOGJkMDBlIn0%3D\">\n\t\t\t\t\t<div class=\"e-gallery-image elementor-gallery-item__image\" data-thumbnail=\"https:\/\/arkdrilling.com\/wp-content\/uploads\/2023\/10\/IMG_0830.jpg\" data-width=\"768\" data-height=\"1024\" alt=\"\" ><\/div>\n\t\t\t\t\t\t\t\t\t\t\t<div class=\"elementor-gallery-item__overlay\"><\/div>\n\t\t\t\t\t\t\t\t\t\t\t\t\t\t<\/a>\n\t\t\t\t\t\t\t<a class=\"e-gallery-item elementor-gallery-item elementor-animated-content\" href=\"https:\/\/arkdrilling.com\/wp-content\/uploads\/2023\/10\/IMG_0831.jpg\" data-elementor-open-lightbox=\"yes\" data-elementor-lightbox-slideshow=\"all-38bd00e\" data-elementor-lightbox-title=\"IMG_0831\" data-e-action-hash=\"#elementor-action%3Aaction%3Dlightbox%26settings%3DeyJpZCI6NjExMSwidXJsIjoiaHR0cHM6XC9cL2Fya2RyaWxsaW5nLmNvbVwvd3AtY29udGVudFwvdXBsb2Fkc1wvMjAyM1wvMTBcL0lNR18wODMxLmpwZyIsInNsaWRlc2hvdyI6ImFsbC0zOGJkMDBlIn0%3D\">\n\t\t\t\t\t<div class=\"e-gallery-image elementor-gallery-item__image\" data-thumbnail=\"https:\/\/arkdrilling.com\/wp-content\/uploads\/2023\/10\/IMG_0831.jpg\" data-width=\"768\" data-height=\"1024\" alt=\"\" ><\/div>\n\t\t\t\t\t\t\t\t\t\t\t<div class=\"elementor-gallery-item__overlay\"><\/div>\n\t\t\t\t\t\t\t\t\t\t\t\t\t\t<\/a>\n\t\t\t\t\t<\/div>\n\t\t\t<\/div>\n\t\t\t\t<\/div>\n\t\t\t\t\t<\/div>\n\t\t<\/div>\n\t\t\t\t\t\t\t<\/div>\n\t\t<\/section>\n\t\t\t\t\t\t\t<\/div>\n\t\t","protected":false},"excerpt":{"rendered":"<p>ARK 1500 Una selecci\u00f3n de proyectos exclusivos Especificaciones T\u00e9cnicas DI\u00c1METRO DE PERFORACI\u00d3N 8 \u00bd\u00bb a 24&#8243; PROFUNDIDAD M\u00c1XIMA 1500 M w 3-1\/2\u201d DP PODER 420 FORMACI\u00d3N Suave &amp; Piedra M\u00c9TODO DE PERFORACI\u00d3N Rotativo\u2013 Lodo &amp; Perforaci\u00f3n de Aire TORRE Altura libre del torre 16 metros VELOCIDAD ROTATIVA 0-330 rpm PORTADORA EN CHASIS &amp; CAMI\u00d3N &amp; &#8230; <a title=\"ARK 1500 Perforaci\u00f3n\" class=\"read-more\" href=\"https:\/\/arkdrilling.com\/es\/ark-1500-perforacion\/\" aria-label=\"M\u00e1s en ARK 1500 Perforaci\u00f3n\">Leer m\u00e1s<\/a><\/p>\n","protected":false},"author":1,"featured_media":0,"parent":0,"menu_order":0,"comment_status":"closed","ping_status":"closed","template":"elementor_header_footer","meta":{"footnotes":""},"class_list":["post-2238","page","type-page","status-publish"],"_links":{"self":[{"href":"https:\/\/arkdrilling.com\/es\/wp-json\/wp\/v2\/pages\/2238","targetHints":{"allow":["GET"]}}],"collection":[{"href":"https:\/\/arkdrilling.com\/es\/wp-json\/wp\/v2\/pages"}],"about":[{"href":"https:\/\/arkdrilling.com\/es\/wp-json\/wp\/v2\/types\/page"}],"author":[{"embeddable":true,"href":"https:\/\/arkdrilling.com\/es\/wp-json\/wp\/v2\/users\/1"}],"replies":[{"embeddable":true,"href":"https:\/\/arkdrilling.com\/es\/wp-json\/wp\/v2\/comments?post=2238"}],"version-history":[{"count":0,"href":"https:\/\/arkdrilling.com\/es\/wp-json\/wp\/v2\/pages\/2238\/revisions"}],"wp:attachment":[{"href":"https:\/\/arkdrilling.com\/es\/wp-json\/wp\/v2\/media?parent=2238"}],"curies":[{"name":"wp","href":"https:\/\/api.w.org\/{rel}","templated":true}]}}