{"id":2255,"date":"2021-04-30T23:55:26","date_gmt":"2021-04-30T23:55:26","guid":{"rendered":"https:\/\/ark.ihracatpro.co\/?page_id=2255"},"modified":"2024-01-22T07:39:01","modified_gmt":"2024-01-22T07:39:01","slug":"ark-2000-perforacion","status":"publish","type":"page","link":"https:\/\/arkdrilling.com\/es\/ark-2000-perforacion\/","title":{"rendered":"ARK 2000 Perforaci\u00f3n"},"content":{"rendered":"\t\t<div data-elementor-type=\"wp-page\" data-elementor-id=\"2255\" class=\"elementor elementor-2255\">\n\t\t\t\t\t\t\t\t\t<section class=\"elementor-section elementor-top-section elementor-element elementor-element-360035f elementor-section-boxed elementor-section-height-default elementor-section-height-default elementor-invisible\" data-id=\"360035f\" data-element_type=\"section\" data-settings=\"{&quot;background_background&quot;:&quot;classic&quot;,&quot;animation&quot;:&quot;fadeIn&quot;}\">\n\t\t\t\t\t\t\t<div class=\"elementor-background-overlay\"><\/div>\n\t\t\t\t\t\t\t<div class=\"elementor-container elementor-column-gap-default\">\n\t\t\t\t\t<div class=\"elementor-column elementor-col-100 elementor-top-column elementor-element elementor-element-ed3feaa\" data-id=\"ed3feaa\" data-element_type=\"column\">\n\t\t\t<div class=\"elementor-widget-wrap elementor-element-populated\">\n\t\t\t\t\t\t\t\t<div class=\"elementor-element elementor-element-3ad8b73d elementor-widget elementor-widget-heading\" data-id=\"3ad8b73d\" data-element_type=\"widget\" data-widget_type=\"heading.default\">\n\t\t\t\t<div class=\"elementor-widget-container\">\n\t\t\t<h1 class=\"elementor-heading-title elementor-size-default\"><i class=\"fas fa-chevron-right\" style=\"font-size:30px; margin-right:6px;\"><\/i> ARK 2000<\/h1>\t\t<\/div>\n\t\t\t\t<\/div>\n\t\t\t\t<div class=\"elementor-element elementor-element-6d8aae92 elementor-widget elementor-widget-heading\" data-id=\"6d8aae92\" data-element_type=\"widget\" data-widget_type=\"heading.default\">\n\t\t\t\t<div class=\"elementor-widget-container\">\n\t\t\t<span class=\"elementor-heading-title elementor-size-default\">Una selecci\u00f3n de proyectos exclusivos<\/span>\t\t<\/div>\n\t\t\t\t<\/div>\n\t\t\t\t\t<\/div>\n\t\t<\/div>\n\t\t\t\t\t\t\t<\/div>\n\t\t<\/section>\n\t\t\t\t<section class=\"elementor-section elementor-top-section elementor-element elementor-element-2cbb8f10 elementor-section-boxed elementor-section-height-default elementor-section-height-default\" data-id=\"2cbb8f10\" data-element_type=\"section\">\n\t\t\t\t\t\t<div class=\"elementor-container elementor-column-gap-default\">\n\t\t\t\t\t<div class=\"elementor-column elementor-col-100 elementor-top-column elementor-element elementor-element-719cccde\" data-id=\"719cccde\" data-element_type=\"column\">\n\t\t\t<div class=\"elementor-widget-wrap elementor-element-populated\">\n\t\t\t\t\t\t\t\t<div class=\"elementor-element elementor-element-2d19a5d6 elementor-invisible elementor-widget elementor-widget-heading\" data-id=\"2d19a5d6\" data-element_type=\"widget\" data-settings=\"{&quot;_animation&quot;:&quot;fadeIn&quot;,&quot;_animation_delay&quot;:300}\" data-widget_type=\"heading.default\">\n\t\t\t\t<div class=\"elementor-widget-container\">\n\t\t\t<h2 class=\"elementor-heading-title elementor-size-default\">Especificaciones T\u00e9cnicas<\/h2>\t\t<\/div>\n\t\t\t\t<\/div>\n\t\t\t\t<div class=\"elementor-element elementor-element-46f5e765 elementor-absolute elementor-view-default elementor-widget elementor-widget-icon\" data-id=\"46f5e765\" data-element_type=\"widget\" data-settings=\"{&quot;_position&quot;:&quot;absolute&quot;}\" data-widget_type=\"icon.default\">\n\t\t\t\t<div class=\"elementor-widget-container\">\n\t\t\t\t\t<div class=\"elementor-icon-wrapper\">\n\t\t\t<div class=\"elementor-icon\">\n\t\t\t<i aria-hidden=\"true\" class=\"fas fa-stream\"><\/i>\t\t\t<\/div>\n\t\t<\/div>\n\t\t\t\t<\/div>\n\t\t\t\t<\/div>\n\t\t\t\t\t<\/div>\n\t\t<\/div>\n\t\t\t\t\t\t\t<\/div>\n\t\t<\/section>\n\t\t\t\t<section class=\"elementor-section elementor-top-section elementor-element elementor-element-5ff1dfe4 elementor-section-boxed elementor-section-height-default elementor-section-height-default\" data-id=\"5ff1dfe4\" data-element_type=\"section\">\n\t\t\t\t\t\t<div class=\"elementor-container elementor-column-gap-default\">\n\t\t\t\t\t<div class=\"elementor-column elementor-col-100 elementor-top-column elementor-element elementor-element-89ba304\" data-id=\"89ba304\" data-element_type=\"column\">\n\t\t\t<div class=\"elementor-widget-wrap elementor-element-populated\">\n\t\t\t\t\t\t\t\t<div class=\"elementor-element elementor-element-41c5c2d3 elementor-widget elementor-widget-text-editor\" data-id=\"41c5c2d3\" data-element_type=\"widget\" data-widget_type=\"text-editor.default\">\n\t\t\t\t<div class=\"elementor-widget-container\">\n\t\t\t\t\t\t\t<table dir=\"ltr\" border=\"1\" cellspacing=\"0\" cellpadding=\"0\"><colgroup><col width=\"301\" \/><col width=\"291\" \/><\/colgroup><tbody><tr><td data-sheets-value=\"{&quot;1&quot;:2,&quot;2&quot;:&quot;DI\u00c1METRO DE PERFORACI\u00d3N&quot;}\">DI\u00c1METRO DE PERFORACI\u00d3N<\/td><td data-sheets-value=\"{&quot;1&quot;:2,&quot;2&quot;:&quot;8 \u00bd\u00bb a 27\u2033&quot;}\">8 \u00bd\u00bb a 27\u2033<\/td><\/tr><tr><td data-sheets-value=\"{&quot;1&quot;:2,&quot;2&quot;:&quot;PROFUNDIDAD M\u00c1XIMA&quot;}\">PROFUNDIDAD M\u00c1XIMA<\/td><td data-sheets-value=\"{&quot;1&quot;:2,&quot;2&quot;:&quot;2000 M w 3-1\/2\u201d DP&quot;}\">2000 M w 3-1\/2\u201d DP<\/td><\/tr><tr><td data-sheets-value=\"{&quot;1&quot;:2,&quot;2&quot;:&quot;PODER&quot;}\">PODER<\/td><td data-sheets-value=\"{&quot;1&quot;:2,&quot;2&quot;:&quot;600HP&quot;}\">600HP<\/td><\/tr><tr><td data-sheets-value=\"{&quot;1&quot;:2,&quot;2&quot;:&quot;FORMACI\u00d3N&quot;}\">FORMACI\u00d3N<\/td><td data-sheets-value=\"{&quot;1&quot;:2,&quot;2&quot;:&quot;Suave &amp; Piedra&quot;}\">Suave &amp; Piedra<\/td><\/tr><tr><td data-sheets-value=\"{&quot;1&quot;:2,&quot;2&quot;:&quot;M\u00c9TODO DE PERFORACI\u00d3N&quot;}\">M\u00c9TODO DE PERFORACI\u00d3N<\/td><td data-sheets-value=\"{&quot;1&quot;:2,&quot;2&quot;:&quot;Rotativo\u2013 Lodo &amp; Perforaci\u00f3n de Aire&quot;}\">Rotativo\u2013 Lodo &amp; Perforaci\u00f3n de Aire<\/td><\/tr><tr><td data-sheets-value=\"{&quot;1&quot;:2,&quot;2&quot;:&quot;TORRE&quot;}\">TORRE<\/td><td data-sheets-value=\"{&quot;1&quot;:2,&quot;2&quot;:&quot;Altura libre del torre 17 metros&quot;}\">Altura libre del torre 17 metros<\/td><\/tr><tr><td data-sheets-value=\"{&quot;1&quot;:2,&quot;2&quot;:&quot;PORTADORA&quot;}\">PORTADORA<\/td><td data-sheets-value=\"{&quot;1&quot;:2,&quot;2&quot;:&quot;EN SEMIREMOLQUE&quot;}\">EN SEMIREMOLQUE<\/td><\/tr><\/tbody><\/table>\t\t\t\t\t\t<\/div>\n\t\t\t\t<\/div>\n\t\t\t\t\t<\/div>\n\t\t<\/div>\n\t\t\t\t\t\t\t<\/div>\n\t\t<\/section>\n\t\t\t\t<section class=\"elementor-section elementor-top-section elementor-element elementor-element-2d24f8a elementor-section-boxed elementor-section-height-default elementor-section-height-default\" data-id=\"2d24f8a\" data-element_type=\"section\" data-settings=\"{&quot;background_background&quot;:&quot;classic&quot;}\">\n\t\t\t\t\t\t<div class=\"elementor-container elementor-column-gap-default\">\n\t\t\t\t\t<div class=\"elementor-column elementor-col-100 elementor-top-column elementor-element elementor-element-4a2689\" data-id=\"4a2689\" data-element_type=\"column\">\n\t\t\t<div class=\"elementor-widget-wrap elementor-element-populated\">\n\t\t\t\t\t\t\t\t<div class=\"elementor-element elementor-element-cf4f313 elementor-widget elementor-widget-heading\" data-id=\"cf4f313\" data-element_type=\"widget\" data-widget_type=\"heading.default\">\n\t\t\t\t<div class=\"elementor-widget-container\">\n\t\t\t<h2 class=\"elementor-heading-title elementor-size-default\">Imagenes<\/h2>\t\t<\/div>\n\t\t\t\t<\/div>\n\t\t\t\t<div class=\"elementor-element elementor-element-680baf1b elementor-absolute elementor-view-default elementor-invisible elementor-widget elementor-widget-icon\" data-id=\"680baf1b\" data-element_type=\"widget\" data-settings=\"{&quot;_animation&quot;:&quot;fadeIn&quot;,&quot;_position&quot;:&quot;absolute&quot;}\" data-widget_type=\"icon.default\">\n\t\t\t\t<div class=\"elementor-widget-container\">\n\t\t\t\t\t<div class=\"elementor-icon-wrapper\">\n\t\t\t<div class=\"elementor-icon\">\n\t\t\t<i aria-hidden=\"true\" class=\"fas fa-stream\"><\/i>\t\t\t<\/div>\n\t\t<\/div>\n\t\t\t\t<\/div>\n\t\t\t\t<\/div>\n\t\t\t\t\t<\/div>\n\t\t<\/div>\n\t\t\t\t\t\t\t<\/div>\n\t\t<\/section>\n\t\t\t\t<section class=\"elementor-section elementor-top-section elementor-element elementor-element-6c85168b elementor-section-full_width elementor-section-height-default elementor-section-height-default\" data-id=\"6c85168b\" data-element_type=\"section\">\n\t\t\t\t\t\t<div class=\"elementor-container elementor-column-gap-default\">\n\t\t\t\t\t<div class=\"elementor-column elementor-col-100 elementor-top-column elementor-element elementor-element-75d1dabe\" data-id=\"75d1dabe\" data-element_type=\"column\">\n\t\t\t<div class=\"elementor-widget-wrap elementor-element-populated\">\n\t\t\t\t\t\t\t\t<div class=\"elementor-element elementor-element-daabd8a elementor-widget elementor-widget-gallery\" data-id=\"daabd8a\" data-element_type=\"widget\" data-settings=\"{&quot;columns&quot;:3,&quot;gap&quot;:{&quot;unit&quot;:&quot;px&quot;,&quot;size&quot;:0,&quot;sizes&quot;:[]},&quot;lazyload&quot;:&quot;yes&quot;,&quot;gallery_layout&quot;:&quot;grid&quot;,&quot;columns_tablet&quot;:2,&quot;columns_mobile&quot;:1,&quot;gap_tablet&quot;:{&quot;unit&quot;:&quot;px&quot;,&quot;size&quot;:10,&quot;sizes&quot;:[]},&quot;gap_mobile&quot;:{&quot;unit&quot;:&quot;px&quot;,&quot;size&quot;:10,&quot;sizes&quot;:[]},&quot;link_to&quot;:&quot;file&quot;,&quot;aspect_ratio&quot;:&quot;3:2&quot;,&quot;overlay_background&quot;:&quot;yes&quot;,&quot;content_hover_animation&quot;:&quot;fade-in&quot;}\" data-widget_type=\"gallery.default\">\n\t\t\t\t<div class=\"elementor-widget-container\">\n\t\t\t\t\t<div class=\"elementor-gallery__container\">\n\t\t\t\t\t\t\t<a class=\"e-gallery-item elementor-gallery-item elementor-animated-content\" href=\"https:\/\/arkdrilling.com\/wp-content\/uploads\/2023\/10\/IMG_1178.jpg\" data-elementor-open-lightbox=\"yes\" data-elementor-lightbox-slideshow=\"all-daabd8a\" data-elementor-lightbox-title=\"IMG_1178\" data-e-action-hash=\"#elementor-action%3Aaction%3Dlightbox%26settings%3DeyJpZCI6NjE1NCwidXJsIjoiaHR0cHM6XC9cL2Fya2RyaWxsaW5nLmNvbVwvd3AtY29udGVudFwvdXBsb2Fkc1wvMjAyM1wvMTBcL0lNR18xMTc4LmpwZyIsInNsaWRlc2hvdyI6ImFsbC1kYWFiZDhhIn0%3D\">\n\t\t\t\t\t<div class=\"e-gallery-image elementor-gallery-item__image\" data-thumbnail=\"https:\/\/arkdrilling.com\/wp-content\/uploads\/2023\/10\/IMG_1178-768x576.jpg\" data-width=\"768\" data-height=\"576\" alt=\"\" ><\/div>\n\t\t\t\t\t\t\t\t\t\t\t<div class=\"elementor-gallery-item__overlay\"><\/div>\n\t\t\t\t\t\t\t\t\t\t\t\t\t\t<\/a>\n\t\t\t\t\t\t\t<a class=\"e-gallery-item elementor-gallery-item elementor-animated-content\" href=\"https:\/\/arkdrilling.com\/wp-content\/uploads\/2023\/10\/IMG_0906.jpg\" data-elementor-open-lightbox=\"yes\" data-elementor-lightbox-slideshow=\"all-daabd8a\" data-elementor-lightbox-title=\"IMG_0906\" data-e-action-hash=\"#elementor-action%3Aaction%3Dlightbox%26settings%3DeyJpZCI6NjEyMiwidXJsIjoiaHR0cHM6XC9cL2Fya2RyaWxsaW5nLmNvbVwvd3AtY29udGVudFwvdXBsb2Fkc1wvMjAyM1wvMTBcL0lNR18wOTA2LmpwZyIsInNsaWRlc2hvdyI6ImFsbC1kYWFiZDhhIn0%3D\">\n\t\t\t\t\t<div class=\"e-gallery-image elementor-gallery-item__image\" data-thumbnail=\"https:\/\/arkdrilling.com\/wp-content\/uploads\/2023\/10\/IMG_0906-768x396.jpg\" data-width=\"768\" data-height=\"396\" alt=\"\" ><\/div>\n\t\t\t\t\t\t\t\t\t\t\t<div class=\"elementor-gallery-item__overlay\"><\/div>\n\t\t\t\t\t\t\t\t\t\t\t\t\t\t<\/a>\n\t\t\t\t\t\t\t<a class=\"e-gallery-item elementor-gallery-item elementor-animated-content\" href=\"https:\/\/arkdrilling.com\/wp-content\/uploads\/2023\/10\/IMG_0916.jpg\" data-elementor-open-lightbox=\"yes\" data-elementor-lightbox-slideshow=\"all-daabd8a\" data-elementor-lightbox-title=\"IMG_0916\" data-e-action-hash=\"#elementor-action%3Aaction%3Dlightbox%26settings%3DeyJpZCI6NjEyNiwidXJsIjoiaHR0cHM6XC9cL2Fya2RyaWxsaW5nLmNvbVwvd3AtY29udGVudFwvdXBsb2Fkc1wvMjAyM1wvMTBcL0lNR18wOTE2LmpwZyIsInNsaWRlc2hvdyI6ImFsbC1kYWFiZDhhIn0%3D\">\n\t\t\t\t\t<div class=\"e-gallery-image elementor-gallery-item__image\" data-thumbnail=\"https:\/\/arkdrilling.com\/wp-content\/uploads\/2023\/10\/IMG_0916-768x576.jpg\" data-width=\"768\" data-height=\"576\" alt=\"\" ><\/div>\n\t\t\t\t\t\t\t\t\t\t\t<div class=\"elementor-gallery-item__overlay\"><\/div>\n\t\t\t\t\t\t\t\t\t\t\t\t\t\t<\/a>\n\t\t\t\t\t\t\t<a class=\"e-gallery-item elementor-gallery-item elementor-animated-content\" href=\"https:\/\/arkdrilling.com\/wp-content\/uploads\/2023\/10\/IMG_0952.jpg\" data-elementor-open-lightbox=\"yes\" data-elementor-lightbox-slideshow=\"all-daabd8a\" data-elementor-lightbox-title=\"IMG_0952\" data-e-action-hash=\"#elementor-action%3Aaction%3Dlightbox%26settings%3DeyJpZCI6NjEzMCwidXJsIjoiaHR0cHM6XC9cL2Fya2RyaWxsaW5nLmNvbVwvd3AtY29udGVudFwvdXBsb2Fkc1wvMjAyM1wvMTBcL0lNR18wOTUyLmpwZyIsInNsaWRlc2hvdyI6ImFsbC1kYWFiZDhhIn0%3D\">\n\t\t\t\t\t<div class=\"e-gallery-image elementor-gallery-item__image\" data-thumbnail=\"https:\/\/arkdrilling.com\/wp-content\/uploads\/2023\/10\/IMG_0952-768x576.jpg\" data-width=\"768\" data-height=\"576\" alt=\"\" ><\/div>\n\t\t\t\t\t\t\t\t\t\t\t<div class=\"elementor-gallery-item__overlay\"><\/div>\n\t\t\t\t\t\t\t\t\t\t\t\t\t\t<\/a>\n\t\t\t\t\t\t\t<a class=\"e-gallery-item elementor-gallery-item elementor-animated-content\" href=\"https:\/\/arkdrilling.com\/wp-content\/uploads\/2023\/10\/IMG_1161.jpg\" data-elementor-open-lightbox=\"yes\" data-elementor-lightbox-slideshow=\"all-daabd8a\" data-elementor-lightbox-title=\"IMG_1161\" data-e-action-hash=\"#elementor-action%3Aaction%3Dlightbox%26settings%3DeyJpZCI6NjEzNCwidXJsIjoiaHR0cHM6XC9cL2Fya2RyaWxsaW5nLmNvbVwvd3AtY29udGVudFwvdXBsb2Fkc1wvMjAyM1wvMTBcL0lNR18xMTYxLmpwZyIsInNsaWRlc2hvdyI6ImFsbC1kYWFiZDhhIn0%3D\">\n\t\t\t\t\t<div class=\"e-gallery-image elementor-gallery-item__image\" data-thumbnail=\"https:\/\/arkdrilling.com\/wp-content\/uploads\/2023\/10\/IMG_1161-768x576.jpg\" data-width=\"768\" data-height=\"576\" alt=\"\" ><\/div>\n\t\t\t\t\t\t\t\t\t\t\t<div class=\"elementor-gallery-item__overlay\"><\/div>\n\t\t\t\t\t\t\t\t\t\t\t\t\t\t<\/a>\n\t\t\t\t\t\t\t<a class=\"e-gallery-item elementor-gallery-item elementor-animated-content\" href=\"https:\/\/arkdrilling.com\/wp-content\/uploads\/2023\/10\/IMG_1173.jpg\" data-elementor-open-lightbox=\"yes\" data-elementor-lightbox-slideshow=\"all-daabd8a\" data-elementor-lightbox-title=\"IMG_1173\" data-e-action-hash=\"#elementor-action%3Aaction%3Dlightbox%26settings%3DeyJpZCI6NjE0MiwidXJsIjoiaHR0cHM6XC9cL2Fya2RyaWxsaW5nLmNvbVwvd3AtY29udGVudFwvdXBsb2Fkc1wvMjAyM1wvMTBcL0lNR18xMTczLmpwZyIsInNsaWRlc2hvdyI6ImFsbC1kYWFiZDhhIn0%3D\">\n\t\t\t\t\t<div class=\"e-gallery-image elementor-gallery-item__image\" data-thumbnail=\"https:\/\/arkdrilling.com\/wp-content\/uploads\/2023\/10\/IMG_1173-768x576.jpg\" data-width=\"768\" data-height=\"576\" alt=\"\" ><\/div>\n\t\t\t\t\t\t\t\t\t\t\t<div class=\"elementor-gallery-item__overlay\"><\/div>\n\t\t\t\t\t\t\t\t\t\t\t\t\t\t<\/a>\n\t\t\t\t\t\t\t<a class=\"e-gallery-item elementor-gallery-item elementor-animated-content\" href=\"https:\/\/arkdrilling.com\/wp-content\/uploads\/2023\/10\/IMG_1172.jpg\" data-elementor-open-lightbox=\"yes\" data-elementor-lightbox-slideshow=\"all-daabd8a\" data-elementor-lightbox-title=\"IMG_1172\" data-e-action-hash=\"#elementor-action%3Aaction%3Dlightbox%26settings%3DeyJpZCI6NjEzOCwidXJsIjoiaHR0cHM6XC9cL2Fya2RyaWxsaW5nLmNvbVwvd3AtY29udGVudFwvdXBsb2Fkc1wvMjAyM1wvMTBcL0lNR18xMTcyLmpwZyIsInNsaWRlc2hvdyI6ImFsbC1kYWFiZDhhIn0%3D\">\n\t\t\t\t\t<div class=\"e-gallery-image elementor-gallery-item__image\" data-thumbnail=\"https:\/\/arkdrilling.com\/wp-content\/uploads\/2023\/10\/IMG_1172-768x576.jpg\" data-width=\"768\" data-height=\"576\" alt=\"\" ><\/div>\n\t\t\t\t\t\t\t\t\t\t\t<div class=\"elementor-gallery-item__overlay\"><\/div>\n\t\t\t\t\t\t\t\t\t\t\t\t\t\t<\/a>\n\t\t\t\t\t\t\t<a class=\"e-gallery-item elementor-gallery-item elementor-animated-content\" href=\"https:\/\/arkdrilling.com\/wp-content\/uploads\/2023\/10\/IMG_1174.jpg\" data-elementor-open-lightbox=\"yes\" data-elementor-lightbox-slideshow=\"all-daabd8a\" data-elementor-lightbox-title=\"IMG_1174\" data-e-action-hash=\"#elementor-action%3Aaction%3Dlightbox%26settings%3DeyJpZCI6NjE0NiwidXJsIjoiaHR0cHM6XC9cL2Fya2RyaWxsaW5nLmNvbVwvd3AtY29udGVudFwvdXBsb2Fkc1wvMjAyM1wvMTBcL0lNR18xMTc0LmpwZyIsInNsaWRlc2hvdyI6ImFsbC1kYWFiZDhhIn0%3D\">\n\t\t\t\t\t<div class=\"e-gallery-image elementor-gallery-item__image\" data-thumbnail=\"https:\/\/arkdrilling.com\/wp-content\/uploads\/2023\/10\/IMG_1174-768x576.jpg\" data-width=\"768\" data-height=\"576\" alt=\"\" ><\/div>\n\t\t\t\t\t\t\t\t\t\t\t<div class=\"elementor-gallery-item__overlay\"><\/div>\n\t\t\t\t\t\t\t\t\t\t\t\t\t\t<\/a>\n\t\t\t\t\t\t\t<a class=\"e-gallery-item elementor-gallery-item elementor-animated-content\" href=\"https:\/\/arkdrilling.com\/wp-content\/uploads\/2023\/10\/IMG_0901.jpg\" data-elementor-open-lightbox=\"yes\" data-elementor-lightbox-slideshow=\"all-daabd8a\" data-elementor-lightbox-title=\"IMG_0901\" data-e-action-hash=\"#elementor-action%3Aaction%3Dlightbox%26settings%3DeyJpZCI6NjExOCwidXJsIjoiaHR0cHM6XC9cL2Fya2RyaWxsaW5nLmNvbVwvd3AtY29udGVudFwvdXBsb2Fkc1wvMjAyM1wvMTBcL0lNR18wOTAxLmpwZyIsInNsaWRlc2hvdyI6ImFsbC1kYWFiZDhhIn0%3D\">\n\t\t\t\t\t<div class=\"e-gallery-image elementor-gallery-item__image\" data-thumbnail=\"https:\/\/arkdrilling.com\/wp-content\/uploads\/2023\/10\/IMG_0901.jpg\" data-width=\"768\" data-height=\"1024\" alt=\"\" ><\/div>\n\t\t\t\t\t\t\t\t\t\t\t<div class=\"elementor-gallery-item__overlay\"><\/div>\n\t\t\t\t\t\t\t\t\t\t\t\t\t\t<\/a>\n\t\t\t\t\t\t\t<a class=\"e-gallery-item elementor-gallery-item elementor-animated-content\" href=\"https:\/\/arkdrilling.com\/wp-content\/uploads\/2023\/10\/IMG_1175.jpg\" data-elementor-open-lightbox=\"yes\" data-elementor-lightbox-slideshow=\"all-daabd8a\" data-elementor-lightbox-title=\"IMG_1175\" data-e-action-hash=\"#elementor-action%3Aaction%3Dlightbox%26settings%3DeyJpZCI6NjE1MCwidXJsIjoiaHR0cHM6XC9cL2Fya2RyaWxsaW5nLmNvbVwvd3AtY29udGVudFwvdXBsb2Fkc1wvMjAyM1wvMTBcL0lNR18xMTc1LmpwZyIsInNsaWRlc2hvdyI6ImFsbC1kYWFiZDhhIn0%3D\">\n\t\t\t\t\t<div class=\"e-gallery-image elementor-gallery-item__image\" data-thumbnail=\"https:\/\/arkdrilling.com\/wp-content\/uploads\/2023\/10\/IMG_1175.jpg\" data-width=\"768\" data-height=\"1024\" alt=\"\" ><\/div>\n\t\t\t\t\t\t\t\t\t\t\t<div class=\"elementor-gallery-item__overlay\"><\/div>\n\t\t\t\t\t\t\t\t\t\t\t\t\t\t<\/a>\n\t\t\t\t\t<\/div>\n\t\t\t<\/div>\n\t\t\t\t<\/div>\n\t\t\t\t\t<\/div>\n\t\t<\/div>\n\t\t\t\t\t\t\t<\/div>\n\t\t<\/section>\n\t\t\t\t\t\t\t<\/div>\n\t\t","protected":false},"excerpt":{"rendered":"<p>ARK 2000 Una selecci\u00f3n de proyectos exclusivos Especificaciones T\u00e9cnicas DI\u00c1METRO DE PERFORACI\u00d3N 8 \u00bd\u00bb a 27\u2033 PROFUNDIDAD M\u00c1XIMA 2000 M w 3-1\/2\u201d DP PODER 600HP FORMACI\u00d3N Suave &amp; Piedra M\u00c9TODO DE PERFORACI\u00d3N Rotativo\u2013 Lodo &amp; Perforaci\u00f3n de Aire TORRE Altura libre del torre 17 metros PORTADORA EN SEMIREMOLQUE Imagenes<\/p>\n","protected":false},"author":1,"featured_media":0,"parent":0,"menu_order":0,"comment_status":"closed","ping_status":"closed","template":"elementor_header_footer","meta":{"footnotes":""},"class_list":["post-2255","page","type-page","status-publish"],"_links":{"self":[{"href":"https:\/\/arkdrilling.com\/es\/wp-json\/wp\/v2\/pages\/2255","targetHints":{"allow":["GET"]}}],"collection":[{"href":"https:\/\/arkdrilling.com\/es\/wp-json\/wp\/v2\/pages"}],"about":[{"href":"https:\/\/arkdrilling.com\/es\/wp-json\/wp\/v2\/types\/page"}],"author":[{"embeddable":true,"href":"https:\/\/arkdrilling.com\/es\/wp-json\/wp\/v2\/users\/1"}],"replies":[{"embeddable":true,"href":"https:\/\/arkdrilling.com\/es\/wp-json\/wp\/v2\/comments?post=2255"}],"version-history":[{"count":0,"href":"https:\/\/arkdrilling.com\/es\/wp-json\/wp\/v2\/pages\/2255\/revisions"}],"wp:attachment":[{"href":"https:\/\/arkdrilling.com\/es\/wp-json\/wp\/v2\/media?parent=2255"}],"curies":[{"name":"wp","href":"https:\/\/api.w.org\/{rel}","templated":true}]}}