{"id":2286,"date":"2021-05-01T00:36:57","date_gmt":"2021-05-01T00:36:57","guid":{"rendered":"https:\/\/ark.ihracatpro.co\/?page_id=2286"},"modified":"2021-05-01T00:39:56","modified_gmt":"2021-05-01T00:39:56","slug":"plataforma-de-perforacion-rotativa-en-turquia","status":"publish","type":"page","link":"https:\/\/arkdrilling.com\/es\/plataforma-de-perforacion-rotativa-en-turquia\/","title":{"rendered":"Plataforma de perforaci\u00f3n rotativa en Turqu\u00eda"},"content":{"rendered":"\t\t<div data-elementor-type=\"wp-page\" data-elementor-id=\"2286\" class=\"elementor elementor-2286\">\n\t\t\t\t\t\t\t\t\t<section class=\"elementor-section elementor-top-section elementor-element elementor-element-59cb9922 elementor-section-height-min-height elementor-section-boxed elementor-section-height-default elementor-section-items-middle\" data-id=\"59cb9922\" data-element_type=\"section\" data-settings=\"{&quot;background_background&quot;:&quot;classic&quot;}\">\n\t\t\t\t\t\t\t<div class=\"elementor-background-overlay\"><\/div>\n\t\t\t\t\t\t\t<div class=\"elementor-container elementor-column-gap-no\">\n\t\t\t\t\t<div class=\"elementor-column elementor-col-100 elementor-top-column elementor-element elementor-element-195838ce\" data-id=\"195838ce\" data-element_type=\"column\">\n\t\t\t<div class=\"elementor-widget-wrap elementor-element-populated\">\n\t\t\t\t\t\t\t\t<div class=\"elementor-element elementor-element-782a2ffb elementor-widget elementor-widget-heading\" data-id=\"782a2ffb\" data-element_type=\"widget\" data-widget_type=\"heading.default\">\n\t\t\t\t<div class=\"elementor-widget-container\">\n\t\t\t<h1 class=\"elementor-heading-title elementor-size-default\">Plataformas de perforaci\u00f3n rotativas en Turqu\u00eda<\/h1>\t\t<\/div>\n\t\t\t\t<\/div>\n\t\t\t\t\t<\/div>\n\t\t<\/div>\n\t\t\t\t\t\t\t<\/div>\n\t\t<\/section>\n\t\t\t\t<section class=\"elementor-section elementor-top-section elementor-element elementor-element-5ea12b68 elementor-section-boxed elementor-section-height-default elementor-section-height-default\" data-id=\"5ea12b68\" data-element_type=\"section\" data-settings=\"{&quot;animation&quot;:&quot;none&quot;}\">\n\t\t\t\t\t\t<div class=\"elementor-container elementor-column-gap-default\">\n\t\t\t\t\t<div class=\"elementor-column elementor-col-100 elementor-top-column elementor-element elementor-element-2aaa5b8a\" data-id=\"2aaa5b8a\" data-element_type=\"column\">\n\t\t\t<div class=\"elementor-widget-wrap elementor-element-populated\">\n\t\t\t\t\t\t\t\t<div class=\"elementor-element elementor-element-3831221d elementor-widget elementor-widget-heading\" data-id=\"3831221d\" data-element_type=\"widget\" data-widget_type=\"heading.default\">\n\t\t\t\t<div class=\"elementor-widget-container\">\n\t\t\t<h2 class=\"elementor-heading-title elementor-size-default\">Plataformas de perforaci\u00f3n rotativas<\/h2>\t\t<\/div>\n\t\t\t\t<\/div>\n\t\t\t\t<div class=\"elementor-element elementor-element-65bf1d2c elementor-widget elementor-widget-text-editor\" data-id=\"65bf1d2c\" data-element_type=\"widget\" data-widget_type=\"text-editor.default\">\n\t\t\t\t<div class=\"elementor-widget-container\">\n\t\t\t\t\t\t\t<p>Como ARK Drilling, servimos equipos de perforaci\u00f3n rotativos de alta calidad en Turqu\u00eda. El dispositivo y proceso en el que se utiliza la trituraci\u00f3n de la formaci\u00f3n se llama perforaci\u00f3n rotatoria. La perforaci\u00f3n rotatoria funciona girando sus dientes a bajas velocidades bajo fuertes presiones e impactos. Es particularmente preferido para formaciones que son profundas y dif\u00edciles de romper. Las herramientas de trabajo lento alcanzan la profundidad deseada en un tiempo determinado. Los taladros rotativos se prefieren a menudo y dan buenos resultados, pero no se aplican para taladros muy profundos y profundos. El medidor de profundidad que se puede utilizar est\u00e1 determinado, no es demasiado saludable y no da el resultado deseado. El prop\u00f3sito de uso es arrojar las formaciones rotas fuera del pozo por medio de aire. Es mejor utilizar mandrinado rotatorio en \u00e1reas donde es dif\u00edcil de deformar y muy dif\u00edcil. Los taladros rotativos son m\u00e1quinas potentes y para trabajos pesados. El proceso, tambi\u00e9n llamado m\u00e9todo de perforaci\u00f3n neum\u00e1tica, rompe la formaci\u00f3n con movimientos de rotaci\u00f3n y elimina las fracturas con aire. Durante el proceso de perforaci\u00f3n, el pozo, que se limpia con aire, tambi\u00e9n es ayudado por materiales como agua y lodo. Las operaciones de rotaci\u00f3n y desprendimiento son dominantes y b\u00e1sicas en los m\u00e9todos de operaciones de perforaci\u00f3n.<\/p><p>Si est\u00e1 buscando un fabricante de equipos de <strong>perforaci\u00f3n rotativos<\/strong> de calidad en Turqu\u00eda, no dude en contactarnos.<\/p>\t\t\t\t\t\t<\/div>\n\t\t\t\t<\/div>\n\t\t\t\t\t<\/div>\n\t\t<\/div>\n\t\t\t\t\t\t\t<\/div>\n\t\t<\/section>\n\t\t\t\t<section class=\"elementor-section elementor-top-section elementor-element elementor-element-35cee0c5 elementor-section-boxed elementor-section-height-default elementor-section-height-default\" data-id=\"35cee0c5\" data-element_type=\"section\" data-settings=\"{&quot;background_background&quot;:&quot;classic&quot;,&quot;shape_divider_top&quot;:&quot;opacity-tilt&quot;}\">\n\t\t\t\t\t<div class=\"elementor-shape elementor-shape-top\" data-negative=\"false\">\n\t\t\t<svg xmlns=\"http:\/\/www.w3.org\/2000\/svg\" viewBox=\"0 0 2600 131.1\" preserveAspectRatio=\"none\">\n\t<path class=\"elementor-shape-fill\" d=\"M0 0L2600 0 2600 69.1 0 0z\"\/>\n\t<path class=\"elementor-shape-fill\" style=\"opacity:0.5\" d=\"M0 0L2600 0 2600 69.1 0 69.1z\"\/>\n\t<path class=\"elementor-shape-fill\" style=\"opacity:0.25\" d=\"M2600 0L0 0 0 130.1 2600 69.1z\"\/>\n<\/svg>\t\t<\/div>\n\t\t\t\t\t<div class=\"elementor-container elementor-column-gap-default\">\n\t\t\t\t\t<div class=\"elementor-column elementor-col-50 elementor-top-column elementor-element elementor-element-6bf1ec88\" data-id=\"6bf1ec88\" data-element_type=\"column\">\n\t\t\t<div class=\"elementor-widget-wrap elementor-element-populated\">\n\t\t\t\t\t\t\t\t<div class=\"elementor-element elementor-element-474c41a5 elementor-widget elementor-widget-heading\" data-id=\"474c41a5\" data-element_type=\"widget\" data-widget_type=\"heading.default\">\n\t\t\t\t<div class=\"elementor-widget-container\">\n\t\t\t<h2 class=\"elementor-heading-title elementor-size-default\">Tipos de plataformas de perforaci\u00f3n rotativas<\/h2>\t\t<\/div>\n\t\t\t\t<\/div>\n\t\t\t\t<div class=\"elementor-element elementor-element-1e4337c6 elementor-widget elementor-widget-text-editor\" data-id=\"1e4337c6\" data-element_type=\"widget\" data-widget_type=\"text-editor.default\">\n\t\t\t\t<div class=\"elementor-widget-container\">\n\t\t\t\t\t\t\t<p><strong>La plataforma de perforaci\u00f3n rotativa<\/strong> se divide en diferentes m\u00e9todos de acuerdo con las formas en que el impacto se transmite a la perforadora. Los m\u00e9todos pueden cambiar la direcci\u00f3n de rotaci\u00f3n y la fuerza del taladro, pero el trabajo realizado es generalmente el mismo. Satisface las necesidades en dos m\u00e9todos diferentes como el m\u00e9todo de martillo sobre el suelo y el m\u00e9todo de foso. Es importante elegir el m\u00e9todo adecuado para realizar estudios exitosos en todo tipo de formaciones y garantizar un procesamiento f\u00e1cil. Cuando las formaciones se rompen, se tiran con materiales adicionales como barro o agua. Durante el proceso, se puede utilizar un taladro de tornillo, una tuber\u00eda de protecci\u00f3n o una pistola de fondo de pozo de circulaci\u00f3n inversa de acuerdo con el prop\u00f3sito general. La perforaci\u00f3n rotatoria, que rompe la formaci\u00f3n con dientes cortadores, crea un cierto orificio limpio cuando finaliza el proceso. El taladro que gira bajo presi\u00f3n, es decir, bajo carga, se procesa con presi\u00f3n y torque.<\/p>\t\t\t\t\t\t<\/div>\n\t\t\t\t<\/div>\n\t\t\t\t<div class=\"elementor-element elementor-element-32878d3f elementor-mobile-align-center elementor-widget elementor-widget-button\" data-id=\"32878d3f\" data-element_type=\"widget\" data-widget_type=\"button.default\">\n\t\t\t\t<div class=\"elementor-widget-container\">\n\t\t\t\t\t<div class=\"elementor-button-wrapper\">\n\t\t\t<a class=\"elementor-button elementor-button-link elementor-size-sm\" href=\"\/contacto\">\n\t\t\t\t\t\t<span class=\"elementor-button-content-wrapper\">\n\t\t\t\t\t\t<span class=\"elementor-button-icon elementor-align-icon-left\">\n\t\t\t\t<i aria-hidden=\"true\" class=\"fas fa-angle-double-right\"><\/i>\t\t\t<\/span>\n\t\t\t\t\t\t<span class=\"elementor-button-text\">Contacta ahora<\/span>\n\t\t<\/span>\n\t\t\t\t\t<\/a>\n\t\t<\/div>\n\t\t\t\t<\/div>\n\t\t\t\t<\/div>\n\t\t\t\t\t<\/div>\n\t\t<\/div>\n\t\t\t\t<div class=\"elementor-column elementor-col-50 elementor-top-column elementor-element elementor-element-36b7f07e\" data-id=\"36b7f07e\" data-element_type=\"column\">\n\t\t\t<div class=\"elementor-widget-wrap elementor-element-populated\">\n\t\t\t\t\t\t\t\t<div class=\"elementor-element elementor-element-7e09cd98 elementor-widget elementor-widget-image\" data-id=\"7e09cd98\" data-element_type=\"widget\" data-widget_type=\"image.default\">\n\t\t\t\t<div class=\"elementor-widget-container\">\n\t\t\t\t\t\t\t\t\t\t\t\t<figure class=\"wp-caption\">\n\t\t\t\t\t\t\t\t\t\t<img loading=\"lazy\" decoding=\"async\" width=\"512\" height=\"384\" src=\"https:\/\/arkdrilling.com\/wp-content\/uploads\/2021\/04\/Rotary-Drilling-Rigs.jpg\" class=\"attachment-large size-large wp-image-1121\" alt=\"Rotary Drilling Rigs\" srcset=\"https:\/\/arkdrilling.com\/wp-content\/uploads\/2021\/04\/Rotary-Drilling-Rigs.jpg 512w, https:\/\/arkdrilling.com\/wp-content\/uploads\/2021\/04\/Rotary-Drilling-Rigs-300x225.jpg 300w\" sizes=\"auto, (max-width: 512px) 100vw, 512px\" \/>\t\t\t\t\t\t\t\t\t\t\t<figcaption class=\"widget-image-caption wp-caption-text\">Rotary Drilling Rigs<\/figcaption>\n\t\t\t\t\t\t\t\t\t\t<\/figure>\n\t\t\t\t\t\t\t\t\t<\/div>\n\t\t\t\t<\/div>\n\t\t\t\t\t<\/div>\n\t\t<\/div>\n\t\t\t\t\t\t\t<\/div>\n\t\t<\/section>\n\t\t\t\t<section class=\"elementor-section elementor-top-section elementor-element elementor-element-65b008b8 elementor-section-boxed elementor-section-height-default elementor-section-height-default\" data-id=\"65b008b8\" data-element_type=\"section\" data-settings=\"{&quot;background_background&quot;:&quot;classic&quot;}\">\n\t\t\t\t\t\t\t<div class=\"elementor-background-overlay\"><\/div>\n\t\t\t\t\t\t\t<div class=\"elementor-container elementor-column-gap-no\">\n\t\t\t\t\t<div class=\"elementor-column elementor-col-100 elementor-top-column elementor-element elementor-element-518b7ce4\" data-id=\"518b7ce4\" data-element_type=\"column\">\n\t\t\t<div class=\"elementor-widget-wrap elementor-element-populated\">\n\t\t\t\t\t\t\t\t<section class=\"elementor-section elementor-inner-section elementor-element elementor-element-3fccd735 elementor-section-boxed elementor-section-height-default elementor-section-height-default\" data-id=\"3fccd735\" data-element_type=\"section\" data-settings=\"{&quot;animation&quot;:&quot;none&quot;}\">\n\t\t\t\t\t\t<div class=\"elementor-container elementor-column-gap-no\">\n\t\t\t\t\t<div class=\"elementor-column elementor-col-50 elementor-inner-column elementor-element elementor-element-dceb2cb\" data-id=\"dceb2cb\" data-element_type=\"column\">\n\t\t\t<div class=\"elementor-widget-wrap elementor-element-populated\">\n\t\t\t\t\t\t\t\t<div class=\"elementor-element elementor-element-41669443 elementor-widget elementor-widget-image\" data-id=\"41669443\" data-element_type=\"widget\" data-widget_type=\"image.default\">\n\t\t\t\t<div class=\"elementor-widget-container\">\n\t\t\t\t\t\t\t\t\t\t\t\t<figure class=\"wp-caption\">\n\t\t\t\t\t\t\t\t\t\t<img decoding=\"async\" src=\"https:\/\/arkdrilling.com\/wp-content\/uploads\/elementor\/thumbs\/Rotary-Drilling-Rig-in-Turkey-q9844yxtlor097sbx3c9j8y3msv614mlatu76nmyf4.jpg\" title=\"Rotary Drilling Rig in Turkey\" alt=\"Rotary Drilling Rig in Turkey\" loading=\"lazy\" \/>\t\t\t\t\t\t\t\t\t\t\t<figcaption class=\"widget-image-caption wp-caption-text\">Rotary Drilling Rig in Turkey<\/figcaption>\n\t\t\t\t\t\t\t\t\t\t<\/figure>\n\t\t\t\t\t\t\t\t\t<\/div>\n\t\t\t\t<\/div>\n\t\t\t\t\t<\/div>\n\t\t<\/div>\n\t\t\t\t<div class=\"elementor-column elementor-col-50 elementor-inner-column elementor-element elementor-element-38a88129\" data-id=\"38a88129\" data-element_type=\"column\">\n\t\t\t<div class=\"elementor-widget-wrap elementor-element-populated\">\n\t\t\t\t\t\t\t\t<div class=\"elementor-element elementor-element-6f0421e6 elementor-widget elementor-widget-heading\" data-id=\"6f0421e6\" data-element_type=\"widget\" data-widget_type=\"heading.default\">\n\t\t\t\t<div class=\"elementor-widget-container\">\n\t\t\t<h2 class=\"elementor-heading-title elementor-size-default\">Componentes principales de la plataforma de perforaci\u00f3n rotativa<\/h2>\t\t<\/div>\n\t\t\t\t<\/div>\n\t\t\t\t<div class=\"elementor-element elementor-element-595dd3f3 elementor-widget elementor-widget-text-editor\" data-id=\"595dd3f3\" data-element_type=\"widget\" data-widget_type=\"text-editor.default\">\n\t\t\t\t<div class=\"elementor-widget-container\">\n\t\t\t\t\t\t\t<p>En determinadas operaciones de perforaci\u00f3n, el taladro utilizado bajo carga trabaja con diferentes m\u00e9todos. <strong>Las plataformas de perforaci\u00f3n rotativas<\/strong> son las siguientes;<\/p><ul><li>Sistema de rotacion<\/li><li>Sistema de gr\u00faa<\/li><li>El sistema circulatorio<\/li><li>Sistema de transmisi\u00f3n de energ\u00eda<\/li><li>Cuerda que suena<\/li><\/ul><p>Al trabajar con los sistemas mencionados anteriormente, la m\u00e1quina realiza ciertas funciones. Trabajando con la funci\u00f3n de rotaci\u00f3n y perforaci\u00f3n, el taladro realiza las funciones de descarga y limpieza transmitiendo potencia y transporte. La perforaci\u00f3n rotatoria, cuyo objetivo principal es la perforaci\u00f3n, se utiliza en procesos especiales. Como el taladro, que es un sistema eficiente, trabaja con una carga pesada, se rompe y perfora f\u00e1cilmente incluso las formaciones m\u00e1s dif\u00edciles. Utilizando motores el\u00e9ctricos y di\u00e9sel para perforar formaciones, las fuentes de energ\u00eda realizan sistemas de rotaci\u00f3n y circulaci\u00f3n. Las taladradoras, que tambi\u00e9n pueden trabajar con sistemas de impacto rotatorio, dan resultados saludables en dos m\u00e9todos diferentes. Es muy importante que se aplique correctamente y el \u00e1rea donde se aplica est\u00e9 en el medidor de pozo adecuado para la perforaci\u00f3n. La perforaci\u00f3n rotatoria fuerte y duradera hecha de materiales robustos tambi\u00e9n se puede utilizar para perforar di\u00e1metros muy grandes, como 24 pulgadas, cuando se establecen propiedades y m\u00e9todos espec\u00edficos.<\/p>\t\t\t\t\t\t<\/div>\n\t\t\t\t<\/div>\n\t\t\t\t<div class=\"elementor-element elementor-element-78fe371c elementor-mobile-align-center elementor-widget elementor-widget-button\" data-id=\"78fe371c\" data-element_type=\"widget\" data-widget_type=\"button.default\">\n\t\t\t\t<div class=\"elementor-widget-container\">\n\t\t\t\t\t<div class=\"elementor-button-wrapper\">\n\t\t\t<a class=\"elementor-button elementor-button-link elementor-size-sm\" href=\"\/contacto\">\n\t\t\t\t\t\t<span class=\"elementor-button-content-wrapper\">\n\t\t\t\t\t\t<span class=\"elementor-button-icon elementor-align-icon-left\">\n\t\t\t\t<i aria-hidden=\"true\" class=\"fas fa-angle-double-right\"><\/i>\t\t\t<\/span>\n\t\t\t\t\t\t<span class=\"elementor-button-text\">Contacta ahora<\/span>\n\t\t<\/span>\n\t\t\t\t\t<\/a>\n\t\t<\/div>\n\t\t\t\t<\/div>\n\t\t\t\t<\/div>\n\t\t\t\t\t<\/div>\n\t\t<\/div>\n\t\t\t\t\t\t\t<\/div>\n\t\t<\/section>\n\t\t\t\t\t<\/div>\n\t\t<\/div>\n\t\t\t\t\t\t\t<\/div>\n\t\t<\/section>\n\t\t\t\t\t\t\t<\/div>\n\t\t","protected":false},"excerpt":{"rendered":"<p>Plataformas de perforaci\u00f3n rotativas en Turqu\u00eda Plataformas de perforaci\u00f3n rotativas Como ARK Drilling, servimos equipos de perforaci\u00f3n rotativos de alta calidad en Turqu\u00eda. El dispositivo y proceso en el que se utiliza la trituraci\u00f3n de la formaci\u00f3n se llama perforaci\u00f3n rotatoria. La perforaci\u00f3n rotatoria funciona girando sus dientes a bajas velocidades bajo fuertes presiones e &#8230; <a title=\"Plataforma de perforaci\u00f3n rotativa en Turqu\u00eda\" class=\"read-more\" href=\"https:\/\/arkdrilling.com\/es\/plataforma-de-perforacion-rotativa-en-turquia\/\" aria-label=\"M\u00e1s en Plataforma de perforaci\u00f3n rotativa en Turqu\u00eda\">Leer m\u00e1s<\/a><\/p>\n","protected":false},"author":1,"featured_media":0,"parent":0,"menu_order":0,"comment_status":"closed","ping_status":"closed","template":"elementor_header_footer","meta":{"footnotes":""},"class_list":["post-2286","page","type-page","status-publish"],"_links":{"self":[{"href":"https:\/\/arkdrilling.com\/es\/wp-json\/wp\/v2\/pages\/2286","targetHints":{"allow":["GET"]}}],"collection":[{"href":"https:\/\/arkdrilling.com\/es\/wp-json\/wp\/v2\/pages"}],"about":[{"href":"https:\/\/arkdrilling.com\/es\/wp-json\/wp\/v2\/types\/page"}],"author":[{"embeddable":true,"href":"https:\/\/arkdrilling.com\/es\/wp-json\/wp\/v2\/users\/1"}],"replies":[{"embeddable":true,"href":"https:\/\/arkdrilling.com\/es\/wp-json\/wp\/v2\/comments?post=2286"}],"version-history":[{"count":0,"href":"https:\/\/arkdrilling.com\/es\/wp-json\/wp\/v2\/pages\/2286\/revisions"}],"wp:attachment":[{"href":"https:\/\/arkdrilling.com\/es\/wp-json\/wp\/v2\/media?parent=2286"}],"curies":[{"name":"wp","href":"https:\/\/api.w.org\/{rel}","templated":true}]}}