{"id":2306,"date":"2021-05-01T00:49:38","date_gmt":"2021-05-01T00:49:38","guid":{"rendered":"https:\/\/ark.ihracatpro.co\/?page_id=2306"},"modified":"2022-02-23T06:38:27","modified_gmt":"2022-02-23T06:38:27","slug":"plataforma-de-perforacion-petrolera-en-turquia","status":"publish","type":"page","link":"https:\/\/arkdrilling.com\/es\/plataforma-de-perforacion-petrolera-en-turquia\/","title":{"rendered":"Plataforma de perforaci\u00f3n petrolera en Turqu\u00eda"},"content":{"rendered":"\t\t<div data-elementor-type=\"wp-page\" data-elementor-id=\"2306\" class=\"elementor elementor-2306\">\n\t\t\t\t\t\t\t\t\t<section class=\"elementor-section elementor-top-section elementor-element elementor-element-57431673 elementor-section-height-min-height elementor-section-boxed elementor-section-height-default elementor-section-items-middle\" data-id=\"57431673\" data-element_type=\"section\" data-settings=\"{&quot;background_background&quot;:&quot;classic&quot;}\">\n\t\t\t\t\t\t\t<div class=\"elementor-background-overlay\"><\/div>\n\t\t\t\t\t\t\t<div class=\"elementor-container elementor-column-gap-no\">\n\t\t\t\t\t<div class=\"elementor-column elementor-col-100 elementor-top-column elementor-element elementor-element-46da323b\" data-id=\"46da323b\" data-element_type=\"column\">\n\t\t\t<div class=\"elementor-widget-wrap elementor-element-populated\">\n\t\t\t\t\t\t\t\t<div class=\"elementor-element elementor-element-36020132 elementor-widget elementor-widget-heading\" data-id=\"36020132\" data-element_type=\"widget\" data-widget_type=\"heading.default\">\n\t\t\t\t<div class=\"elementor-widget-container\">\n\t\t\t<h1 class=\"elementor-heading-title elementor-size-default\">Plataforma de perforaci\u00f3n petrolera en Turqu\u00eda<\/h1>\t\t<\/div>\n\t\t\t\t<\/div>\n\t\t\t\t\t<\/div>\n\t\t<\/div>\n\t\t\t\t\t\t\t<\/div>\n\t\t<\/section>\n\t\t\t\t<section class=\"elementor-section elementor-top-section elementor-element elementor-element-4ea3e216 elementor-section-boxed elementor-section-height-default elementor-section-height-default\" data-id=\"4ea3e216\" data-element_type=\"section\" data-settings=\"{&quot;animation&quot;:&quot;none&quot;}\">\n\t\t\t\t\t\t<div class=\"elementor-container elementor-column-gap-default\">\n\t\t\t\t\t<div class=\"elementor-column elementor-col-100 elementor-top-column elementor-element elementor-element-7bec81ae\" data-id=\"7bec81ae\" data-element_type=\"column\">\n\t\t\t<div class=\"elementor-widget-wrap elementor-element-populated\">\n\t\t\t\t\t\t\t\t<div class=\"elementor-element elementor-element-4cfde84d elementor-widget elementor-widget-heading\" data-id=\"4cfde84d\" data-element_type=\"widget\" data-widget_type=\"heading.default\">\n\t\t\t\t<div class=\"elementor-widget-container\">\n\t\t\t<h2 class=\"elementor-heading-title elementor-size-default\">Plataformas de perforaci\u00f3n petrolera de Turqu\u00eda<\/h2>\t\t<\/div>\n\t\t\t\t<\/div>\n\t\t\t\t<div class=\"elementor-element elementor-element-532b3628 elementor-widget elementor-widget-text-editor\" data-id=\"532b3628\" data-element_type=\"widget\" data-widget_type=\"text-editor.default\">\n\t\t\t\t<div class=\"elementor-widget-container\">\n\t\t\t\t\t\t\t<p>Como ARK Drilling, servimos <strong>plataformas de perforaci\u00f3n petrolera<\/strong> de alta calidad en Turqu\u00eda. Las plataformas de perforaci\u00f3n petrolera se utilizan generalmente durante la extracci\u00f3n de materiales como petr\u00f3leo, agua y gas natural del subsuelo. Proporciona un gran beneficio a las personas con el trabajo que realiza. Estas torres tienen diferentes tipos seg\u00fan el \u00e1rea de uso y el material a aplicar. La plataforma de perforaci\u00f3n petrolera no solo se utiliza para extraer energ\u00eda a la tierra. Tiene muchas funciones que realiza de manera diferente entre s\u00ed. Tambi\u00e9n hay tipos port\u00e1tiles de plataformas de perforaci\u00f3n. De esta forma, es muy f\u00e1cil de instalar y acceder desde cualquier lugar. Tiene la capacidad de llegar lo m\u00e1s profundo posible con manos humanas. Tambi\u00e9n se utiliza con frecuencia en estudios terrestres y de campo, especialmente antes de la exploraci\u00f3n. Estos sistemas tienen diferentes tama\u00f1os y caracter\u00edsticas. Las plataformas de perforaci\u00f3n petrolera m\u00e1s antiguas conocidas fueron dise\u00f1adas y utilizadas por el gobierno chino. Gracias a los avances en tecnolog\u00eda y sistemas de m\u00e1quinas, cada a\u00f1o se a\u00f1aden diferentes caracter\u00edsticas a los equipos de perforaci\u00f3n y se desarrollan estos sistemas. De esta manera, se obtiene el m\u00e1s alto nivel de rendimientos y se obtienen los resultados exitosos deseados del trabajo realizado.<\/p><p>Si est\u00e1 buscando un <em>fabricante de plataformas de perforaci\u00f3n petrolera de calidad en Turqu\u00eda<\/em>, no dude en contactarnos.<\/p>\t\t\t\t\t\t<\/div>\n\t\t\t\t<\/div>\n\t\t\t\t\t<\/div>\n\t\t<\/div>\n\t\t\t\t\t\t\t<\/div>\n\t\t<\/section>\n\t\t\t\t<section class=\"elementor-section elementor-top-section elementor-element elementor-element-34395fb6 elementor-section-boxed elementor-section-height-default elementor-section-height-default\" data-id=\"34395fb6\" data-element_type=\"section\" data-settings=\"{&quot;background_background&quot;:&quot;classic&quot;,&quot;shape_divider_top&quot;:&quot;opacity-tilt&quot;}\">\n\t\t\t\t\t<div class=\"elementor-shape elementor-shape-top\" data-negative=\"false\">\n\t\t\t<svg xmlns=\"http:\/\/www.w3.org\/2000\/svg\" viewBox=\"0 0 2600 131.1\" preserveAspectRatio=\"none\">\n\t<path class=\"elementor-shape-fill\" d=\"M0 0L2600 0 2600 69.1 0 0z\"\/>\n\t<path class=\"elementor-shape-fill\" style=\"opacity:0.5\" d=\"M0 0L2600 0 2600 69.1 0 69.1z\"\/>\n\t<path class=\"elementor-shape-fill\" style=\"opacity:0.25\" d=\"M2600 0L0 0 0 130.1 2600 69.1z\"\/>\n<\/svg>\t\t<\/div>\n\t\t\t\t\t<div class=\"elementor-container elementor-column-gap-default\">\n\t\t\t\t\t<div class=\"elementor-column elementor-col-50 elementor-top-column elementor-element elementor-element-1a0a6758\" data-id=\"1a0a6758\" data-element_type=\"column\">\n\t\t\t<div class=\"elementor-widget-wrap elementor-element-populated\">\n\t\t\t\t\t\t\t\t<div class=\"elementor-element elementor-element-2f548bc9 elementor-widget elementor-widget-heading\" data-id=\"2f548bc9\" data-element_type=\"widget\" data-widget_type=\"heading.default\">\n\t\t\t\t<div class=\"elementor-widget-container\">\n\t\t\t<h2 class=\"elementor-heading-title elementor-size-default\">\u00bfCu\u00e1les son los tipos de plataformas de perforaci\u00f3n petrolera en Turqu\u00eda?<\/h2>\t\t<\/div>\n\t\t\t\t<\/div>\n\t\t\t\t<div class=\"elementor-element elementor-element-42e2945d elementor-widget elementor-widget-text-editor\" data-id=\"42e2945d\" data-element_type=\"widget\" data-widget_type=\"text-editor.default\">\n\t\t\t\t<div class=\"elementor-widget-container\">\n\t\t\t\t\t\t\t<p>Las <em><strong>plataformas de perforaci\u00f3n petrolera<\/strong><\/em> se agrupan de manera diferente entre s\u00ed seg\u00fan la potencia utilizada, la tuber\u00eda, la rotaci\u00f3n o el m\u00e9todo de perforaci\u00f3n. Cada tipo tiene una caracter\u00edstica y un funcionamiento \u00fanicos.<\/p><p>1-Plataforma de perforaci\u00f3n petrolera seg\u00fan la potencia utilizada<\/p><p>Plataformas de perforaci\u00f3n petrol\u00edferas mec\u00e1nicas<\/p><p>Estas plataformas, que se encuentran entre las plataformas de perforaci\u00f3n petrolera, se construyen tomando energ\u00eda de sus propios motores. Tambi\u00e9n tiene dise\u00f1os en tama\u00f1os muy peque\u00f1os. Tiene un uso sencillo. Sus motores son generalmente los mismos que los motores diesel.<\/p><p>Plataformas de perforaci\u00f3n petrol\u00edferas el\u00e9ctricas<\/p><p>Generalmente se produce mediante sistemas denominados motores de combusti\u00f3n interna. Toda la potencia que la torre necesita para funcionar es proporcionada por energ\u00eda el\u00e9ctrica.<\/p><p>Plataformas de perforaci\u00f3n de aceite hidr\u00e1ulico<\/p><p>Se produce con el uso de motores hidr\u00e1ulicos presurizados y de velocidad ajustable. Los sistemas que contiene est\u00e1n dise\u00f1ados de forma hidr\u00e1ulica.<\/p><p>Plataformas neum\u00e1ticas de perforaci\u00f3n petrolera<\/p><p>Se encuentra entre los modelos de plataformas de perforaci\u00f3n petrol\u00edferas m\u00e1s avanzados tecnol\u00f3gicamente. Funciona con apoyo de aire comprimido. Es un sistema extremadamente confiable y duradero.<\/p>\t\t\t\t\t\t<\/div>\n\t\t\t\t<\/div>\n\t\t\t\t<div class=\"elementor-element elementor-element-7af4d061 elementor-mobile-align-center elementor-widget elementor-widget-button\" data-id=\"7af4d061\" data-element_type=\"widget\" data-widget_type=\"button.default\">\n\t\t\t\t<div class=\"elementor-widget-container\">\n\t\t\t\t\t<div class=\"elementor-button-wrapper\">\n\t\t\t<a class=\"elementor-button elementor-button-link elementor-size-sm\" href=\"\/es\/contacto\">\n\t\t\t\t\t\t<span class=\"elementor-button-content-wrapper\">\n\t\t\t\t\t\t<span class=\"elementor-button-icon elementor-align-icon-left\">\n\t\t\t\t<i aria-hidden=\"true\" class=\"fas fa-angle-double-right\"><\/i>\t\t\t<\/span>\n\t\t\t\t\t\t<span class=\"elementor-button-text\">Contacta ahora<\/span>\n\t\t<\/span>\n\t\t\t\t\t<\/a>\n\t\t<\/div>\n\t\t\t\t<\/div>\n\t\t\t\t<\/div>\n\t\t\t\t\t<\/div>\n\t\t<\/div>\n\t\t\t\t<div class=\"elementor-column elementor-col-50 elementor-top-column elementor-element elementor-element-3d86ca01\" data-id=\"3d86ca01\" data-element_type=\"column\">\n\t\t\t<div class=\"elementor-widget-wrap elementor-element-populated\">\n\t\t\t\t\t\t\t\t<div class=\"elementor-element elementor-element-76a40b93 elementor-widget elementor-widget-image\" data-id=\"76a40b93\" data-element_type=\"widget\" data-widget_type=\"image.default\">\n\t\t\t\t<div class=\"elementor-widget-container\">\n\t\t\t\t\t\t\t\t\t\t\t\t\t\t\t<img loading=\"lazy\" decoding=\"async\" width=\"1000\" height=\"716\" src=\"https:\/\/arkdrilling.com\/wp-content\/uploads\/2021\/10\/Su-Sondaj-Makinesi-Nasil-Yapilir.jpg\" class=\"attachment-large size-large wp-image-4392\" alt=\"https:\/\/arkdrilling.com\/tr\/su-sondaj-makinasi-fiyatlari-2021\/\" srcset=\"https:\/\/arkdrilling.com\/wp-content\/uploads\/2021\/10\/Su-Sondaj-Makinesi-Nasil-Yapilir.jpg 1000w, https:\/\/arkdrilling.com\/wp-content\/uploads\/2021\/10\/Su-Sondaj-Makinesi-Nasil-Yapilir-300x215.jpg 300w, https:\/\/arkdrilling.com\/wp-content\/uploads\/2021\/10\/Su-Sondaj-Makinesi-Nasil-Yapilir-768x550.jpg 768w\" sizes=\"auto, (max-width: 1000px) 100vw, 1000px\" \/>\t\t\t\t\t\t\t\t\t\t\t\t\t\t\t<\/div>\n\t\t\t\t<\/div>\n\t\t\t\t\t<\/div>\n\t\t<\/div>\n\t\t\t\t\t\t\t<\/div>\n\t\t<\/section>\n\t\t\t\t<section class=\"elementor-section elementor-top-section elementor-element elementor-element-6d155133 elementor-section-boxed elementor-section-height-default elementor-section-height-default\" data-id=\"6d155133\" data-element_type=\"section\" data-settings=\"{&quot;background_background&quot;:&quot;classic&quot;}\">\n\t\t\t\t\t\t\t<div class=\"elementor-background-overlay\"><\/div>\n\t\t\t\t\t\t\t<div class=\"elementor-container elementor-column-gap-no\">\n\t\t\t\t\t<div class=\"elementor-column elementor-col-100 elementor-top-column elementor-element elementor-element-75ecae15\" data-id=\"75ecae15\" data-element_type=\"column\">\n\t\t\t<div class=\"elementor-widget-wrap elementor-element-populated\">\n\t\t\t\t\t\t\t\t<section class=\"elementor-section elementor-inner-section elementor-element elementor-element-ab43a8 elementor-section-boxed elementor-section-height-default elementor-section-height-default\" data-id=\"ab43a8\" data-element_type=\"section\" data-settings=\"{&quot;animation&quot;:&quot;none&quot;}\">\n\t\t\t\t\t\t<div class=\"elementor-container elementor-column-gap-no\">\n\t\t\t\t\t<div class=\"elementor-column elementor-col-50 elementor-inner-column elementor-element elementor-element-5cf708d4\" data-id=\"5cf708d4\" data-element_type=\"column\">\n\t\t\t<div class=\"elementor-widget-wrap elementor-element-populated\">\n\t\t\t\t\t\t\t\t<div class=\"elementor-element elementor-element-665c8e82 elementor-widget elementor-widget-image\" data-id=\"665c8e82\" data-element_type=\"widget\" data-widget_type=\"image.default\">\n\t\t\t\t<div class=\"elementor-widget-container\">\n\t\t\t\t\t\t\t\t\t\t\t\t\t\t\t<img decoding=\"async\" src=\"https:\/\/arkdrilling.com\/wp-content\/uploads\/elementor\/thumbs\/WhatsApp-Image-2021-05-21-at-10.32.43-2-1-q9844yxtlor097sbx3c9j8y3msv614mlatu76nmyf4.jpeg\" title=\"WhatsApp-Image-2021-05-21-at-10.32.43-2.jpeg\" alt=\"WhatsApp-Image-2021-05-21-at-10.32.43-2.jpeg\" loading=\"lazy\" \/>\t\t\t\t\t\t\t\t\t\t\t\t\t\t\t<\/div>\n\t\t\t\t<\/div>\n\t\t\t\t\t<\/div>\n\t\t<\/div>\n\t\t\t\t<div class=\"elementor-column elementor-col-50 elementor-inner-column elementor-element elementor-element-5ddeb67\" data-id=\"5ddeb67\" data-element_type=\"column\">\n\t\t\t<div class=\"elementor-widget-wrap elementor-element-populated\">\n\t\t\t\t\t\t\t\t<div class=\"elementor-element elementor-element-7b739ce2 elementor-widget elementor-widget-heading\" data-id=\"7b739ce2\" data-element_type=\"widget\" data-widget_type=\"heading.default\">\n\t\t\t\t<div class=\"elementor-widget-container\">\n\t\t\t<h2 class=\"elementor-heading-title elementor-size-default\">Plataforma de perforaci\u00f3n petrol\u00edfera seg\u00fan el sistema de tuber\u00edas utilizado<\/h2>\t\t<\/div>\n\t\t\t\t<\/div>\n\t\t\t\t<div class=\"elementor-element elementor-element-3ecd3da elementor-widget elementor-widget-text-editor\" data-id=\"3ecd3da\" data-element_type=\"widget\" data-widget_type=\"text-editor.default\">\n\t\t\t\t<div class=\"elementor-widget-container\">\n\t\t\t\t\t\t\t<p><strong>Plataformas de perforaci\u00f3n petrolera de tuber\u00eda de cable<\/strong><\/p><p>Es un sistema que permite conectar el taladro de perforaci\u00f3n en el extremo de la torre al sistema con un cable y realizar el proceso de perforaci\u00f3n.<\/p><p><strong>Plataformas de perforaci\u00f3n petrolera de tubo de cadena<\/strong><\/p><p>La conexi\u00f3n entre las plataformas de perforaci\u00f3n petrolera se realiza con cadenas.<\/p><p><strong>Plataformas de perforaci\u00f3n petrolera de m\u00e9todo tradicional<\/strong><\/p><p>Generalmente, en estos sistemas se utilizan materiales pl\u00e1sticos y piezas met\u00e1licas, que se consideran sistemas anticuados.<\/p><p><strong>Plataformas de perforaci\u00f3n petrol\u00edferas de tuber\u00eda de bobina<\/strong><\/p><p>Consiste en un tubo flexible con una estructura muy larga, que se forma con un motor de punzonado.<\/p><p><strong>Fabricante de plataformas de perforaci\u00f3n petrolera<\/strong><\/p><p>Plataforma de perforaci\u00f3n petrol\u00edfera de rotaci\u00f3n direccional<\/p><p>El proceso de perforaci\u00f3n se lleva a cabo dirigiendo el aparato de perforaci\u00f3n de la torre de forma remota con el control remoto inal\u00e1mbrico.<\/p><p><strong>Plataforma de perforaci\u00f3n petrol\u00edfera giratoria con accionamiento a\u00e9reo<\/strong><\/p><p>Se encuentra entre las plataformas de perforaci\u00f3n m\u00e1s avanzadas y de \u00faltima generaci\u00f3n. La rotaci\u00f3n y la circulaci\u00f3n se proporcionan al mismo tiempo.<\/p>\t\t\t\t\t\t<\/div>\n\t\t\t\t<\/div>\n\t\t\t\t<div class=\"elementor-element elementor-element-2671d57b elementor-mobile-align-center elementor-widget elementor-widget-button\" data-id=\"2671d57b\" data-element_type=\"widget\" data-widget_type=\"button.default\">\n\t\t\t\t<div class=\"elementor-widget-container\">\n\t\t\t\t\t<div class=\"elementor-button-wrapper\">\n\t\t\t<a class=\"elementor-button elementor-button-link elementor-size-sm\" href=\"\/es\/contacto\">\n\t\t\t\t\t\t<span class=\"elementor-button-content-wrapper\">\n\t\t\t\t\t\t<span class=\"elementor-button-icon elementor-align-icon-left\">\n\t\t\t\t<i aria-hidden=\"true\" class=\"fas fa-angle-double-right\"><\/i>\t\t\t<\/span>\n\t\t\t\t\t\t<span class=\"elementor-button-text\">Contacta ahora<\/span>\n\t\t<\/span>\n\t\t\t\t\t<\/a>\n\t\t<\/div>\n\t\t\t\t<\/div>\n\t\t\t\t<\/div>\n\t\t\t\t\t<\/div>\n\t\t<\/div>\n\t\t\t\t\t\t\t<\/div>\n\t\t<\/section>\n\t\t\t\t\t<\/div>\n\t\t<\/div>\n\t\t\t\t\t\t\t<\/div>\n\t\t<\/section>\n\t\t\t\t\t\t\t<\/div>\n\t\t","protected":false},"excerpt":{"rendered":"<p>Plataforma de perforaci\u00f3n petrolera en Turqu\u00eda Plataformas de perforaci\u00f3n petrolera de Turqu\u00eda Como ARK Drilling, servimos plataformas de perforaci\u00f3n petrolera de alta calidad en Turqu\u00eda. Las plataformas de perforaci\u00f3n petrolera se utilizan generalmente durante la extracci\u00f3n de materiales como petr\u00f3leo, agua y gas natural del subsuelo. Proporciona un gran beneficio a las personas con el &#8230; <a title=\"Plataforma de perforaci\u00f3n petrolera en Turqu\u00eda\" class=\"read-more\" href=\"https:\/\/arkdrilling.com\/es\/plataforma-de-perforacion-petrolera-en-turquia\/\" aria-label=\"M\u00e1s en Plataforma de perforaci\u00f3n petrolera en Turqu\u00eda\">Leer m\u00e1s<\/a><\/p>\n","protected":false},"author":1,"featured_media":0,"parent":0,"menu_order":0,"comment_status":"closed","ping_status":"closed","template":"elementor_header_footer","meta":{"footnotes":""},"class_list":["post-2306","page","type-page","status-publish"],"_links":{"self":[{"href":"https:\/\/arkdrilling.com\/es\/wp-json\/wp\/v2\/pages\/2306","targetHints":{"allow":["GET"]}}],"collection":[{"href":"https:\/\/arkdrilling.com\/es\/wp-json\/wp\/v2\/pages"}],"about":[{"href":"https:\/\/arkdrilling.com\/es\/wp-json\/wp\/v2\/types\/page"}],"author":[{"embeddable":true,"href":"https:\/\/arkdrilling.com\/es\/wp-json\/wp\/v2\/users\/1"}],"replies":[{"embeddable":true,"href":"https:\/\/arkdrilling.com\/es\/wp-json\/wp\/v2\/comments?post=2306"}],"version-history":[{"count":0,"href":"https:\/\/arkdrilling.com\/es\/wp-json\/wp\/v2\/pages\/2306\/revisions"}],"wp:attachment":[{"href":"https:\/\/arkdrilling.com\/es\/wp-json\/wp\/v2\/media?parent=2306"}],"curies":[{"name":"wp","href":"https:\/\/api.w.org\/{rel}","templated":true}]}}