{"id":2327,"date":"2021-05-01T01:27:03","date_gmt":"2021-05-01T01:27:03","guid":{"rendered":"https:\/\/ark.ihracatpro.co\/?page_id=2327"},"modified":"2021-05-01T01:29:58","modified_gmt":"2021-05-01T01:29:58","slug":"plataforma-de-perforacion-de-agua-en-turquia","status":"publish","type":"page","link":"https:\/\/arkdrilling.com\/es\/plataforma-de-perforacion-de-agua-en-turquia\/","title":{"rendered":"Plataforma de perforaci\u00f3n de agua en Turqu\u00eda"},"content":{"rendered":"\t\t<div data-elementor-type=\"wp-page\" data-elementor-id=\"2327\" class=\"elementor elementor-2327\">\n\t\t\t\t\t\t\t\t\t<section class=\"elementor-section elementor-top-section elementor-element elementor-element-df54fb4 elementor-section-height-min-height elementor-section-boxed elementor-section-height-default elementor-section-items-middle\" data-id=\"df54fb4\" data-element_type=\"section\" data-settings=\"{&quot;background_background&quot;:&quot;classic&quot;}\">\n\t\t\t\t\t\t\t<div class=\"elementor-background-overlay\"><\/div>\n\t\t\t\t\t\t\t<div class=\"elementor-container elementor-column-gap-no\">\n\t\t\t\t\t<div class=\"elementor-column elementor-col-100 elementor-top-column elementor-element elementor-element-603968a6\" data-id=\"603968a6\" data-element_type=\"column\">\n\t\t\t<div class=\"elementor-widget-wrap elementor-element-populated\">\n\t\t\t\t\t\t\t\t<div class=\"elementor-element elementor-element-7aee7b13 elementor-widget elementor-widget-heading\" data-id=\"7aee7b13\" data-element_type=\"widget\" data-widget_type=\"heading.default\">\n\t\t\t\t<div class=\"elementor-widget-container\">\n\t\t\t<h1 class=\"elementor-heading-title elementor-size-default\">Plataforma de perforaci\u00f3n de agua en Turqu\u00eda<\/h1>\t\t<\/div>\n\t\t\t\t<\/div>\n\t\t\t\t\t<\/div>\n\t\t<\/div>\n\t\t\t\t\t\t\t<\/div>\n\t\t<\/section>\n\t\t\t\t<section class=\"elementor-section elementor-top-section elementor-element elementor-element-77846204 elementor-section-boxed elementor-section-height-default elementor-section-height-default\" data-id=\"77846204\" data-element_type=\"section\" data-settings=\"{&quot;animation&quot;:&quot;none&quot;}\">\n\t\t\t\t\t\t<div class=\"elementor-container elementor-column-gap-default\">\n\t\t\t\t\t<div class=\"elementor-column elementor-col-100 elementor-top-column elementor-element elementor-element-4ad40739\" data-id=\"4ad40739\" data-element_type=\"column\">\n\t\t\t<div class=\"elementor-widget-wrap elementor-element-populated\">\n\t\t\t\t\t\t\t\t<div class=\"elementor-element elementor-element-1429d3e4 elementor-widget elementor-widget-heading\" data-id=\"1429d3e4\" data-element_type=\"widget\" data-widget_type=\"heading.default\">\n\t\t\t\t<div class=\"elementor-widget-container\">\n\t\t\t<h2 class=\"elementor-heading-title elementor-size-default\">Fabricante de plataformas de perforaci\u00f3n de agua<\/h2>\t\t<\/div>\n\t\t\t\t<\/div>\n\t\t\t\t<div class=\"elementor-element elementor-element-2b3f1952 elementor-widget elementor-widget-text-editor\" data-id=\"2b3f1952\" data-element_type=\"widget\" data-widget_type=\"text-editor.default\">\n\t\t\t\t<div class=\"elementor-widget-container\">\n\t\t\t\t\t\t\t<p>Como ARK Drilling, servimos <strong>equipos de perforaci\u00f3n de agua<\/strong> de alta calidad en Turqu\u00eda. El Water Drilling Rig es un dispositivo que permite trasladar al exterior el agua de la zona donde se aplica. Desciende f\u00e1cilmente a profundidades que no pueden ser hechas por manos humanas y trae las aguas profundas a la superficie. El proceso de perforaci\u00f3n de agua es un trabajo que requiere paciencia y cuidado. Adem\u00e1s, se necesitan m\u00e1quinas fabricadas con materiales extremadamente duraderos debido al piso de trabajo. De lo contrario, las fallas que se experimentar\u00e1n causar\u00e1n reparaciones, mantenimiento y reparaciones continuos. Esto provoca una p\u00e9rdida de tiempo y graves da\u00f1os materiales. Los equipos de perforaci\u00f3n de agua est\u00e1n dise\u00f1ados en diferentes modelos de acuerdo a la estructura del lugar donde ser\u00e1n aplicados. Antes de comprar equipos de perforaci\u00f3n de agua, se requiere un estudio del terreno para obtener informaci\u00f3n sobre el terreno en el que se aplicar\u00e1.<\/p><p>Si est\u00e1 buscando un fabricante de <em>perforaci\u00f3n de perforaci\u00f3n de agua<\/em> de calidad en Turqu\u00eda, no dude en contactarnos.<\/p>\t\t\t\t\t\t<\/div>\n\t\t\t\t<\/div>\n\t\t\t\t\t<\/div>\n\t\t<\/div>\n\t\t\t\t\t\t\t<\/div>\n\t\t<\/section>\n\t\t\t\t<section class=\"elementor-section elementor-top-section elementor-element elementor-element-3b8eb804 elementor-section-boxed elementor-section-height-default elementor-section-height-default\" data-id=\"3b8eb804\" data-element_type=\"section\" data-settings=\"{&quot;background_background&quot;:&quot;classic&quot;,&quot;shape_divider_top&quot;:&quot;opacity-tilt&quot;}\">\n\t\t\t\t\t<div class=\"elementor-shape elementor-shape-top\" data-negative=\"false\">\n\t\t\t<svg xmlns=\"http:\/\/www.w3.org\/2000\/svg\" viewBox=\"0 0 2600 131.1\" preserveAspectRatio=\"none\">\n\t<path class=\"elementor-shape-fill\" d=\"M0 0L2600 0 2600 69.1 0 0z\"\/>\n\t<path class=\"elementor-shape-fill\" style=\"opacity:0.5\" d=\"M0 0L2600 0 2600 69.1 0 69.1z\"\/>\n\t<path class=\"elementor-shape-fill\" style=\"opacity:0.25\" d=\"M2600 0L0 0 0 130.1 2600 69.1z\"\/>\n<\/svg>\t\t<\/div>\n\t\t\t\t\t<div class=\"elementor-container elementor-column-gap-default\">\n\t\t\t\t\t<div class=\"elementor-column elementor-col-50 elementor-top-column elementor-element elementor-element-1b1d41e3\" data-id=\"1b1d41e3\" data-element_type=\"column\">\n\t\t\t<div class=\"elementor-widget-wrap elementor-element-populated\">\n\t\t\t\t\t\t\t\t<div class=\"elementor-element elementor-element-77f381b1 elementor-widget elementor-widget-heading\" data-id=\"77f381b1\" data-element_type=\"widget\" data-widget_type=\"heading.default\">\n\t\t\t\t<div class=\"elementor-widget-container\">\n\t\t\t<h2 class=\"elementor-heading-title elementor-size-default\">\u00bfQu\u00e9 es la plataforma de perforaci\u00f3n de agua y el principio de funcionamiento?<\/h2>\t\t<\/div>\n\t\t\t\t<\/div>\n\t\t\t\t<div class=\"elementor-element elementor-element-56e4656c elementor-widget elementor-widget-text-editor\" data-id=\"56e4656c\" data-element_type=\"widget\" data-widget_type=\"text-editor.default\">\n\t\t\t\t<div class=\"elementor-widget-container\">\n\t\t\t\t\t\t\t<p>La <span style=\"text-decoration: underline;\">plataforma de perforaci\u00f3n de agua<\/span> consta de 5 partes. Cada una de estas secciones debe funcionar en armon\u00eda entre s\u00ed. Solo as\u00ed se logra un alto rendimiento. Las plataformas de perforaci\u00f3n de agua constan de la parte motriz denominada unidad de potencia, dispositivo de transmisi\u00f3n de potencia, unidad de perforaci\u00f3n, taladro, bomba y tobog\u00e1n. Las partes m\u00e1s importantes durante el uso de la m\u00e1quina son el taladro de la bomba. Dado que el taladro es la punta que se utiliza para perforar el suelo durante el proceso de perforaci\u00f3n, su selecci\u00f3n es extremadamente importante. Adem\u00e1s, las bombas se diferencian entre s\u00ed debido a la presi\u00f3n que aplican. Las plataformas de perforaci\u00f3n de agua deben ser productos obtenidos de materiales adecuados y de calidad. De lo contrario, las posibilidades de \u00e9xito en el trabajo a realizar son muy bajas.<\/p>\t\t\t\t\t\t<\/div>\n\t\t\t\t<\/div>\n\t\t\t\t<div class=\"elementor-element elementor-element-60446346 elementor-mobile-align-center elementor-widget elementor-widget-button\" data-id=\"60446346\" data-element_type=\"widget\" data-widget_type=\"button.default\">\n\t\t\t\t<div class=\"elementor-widget-container\">\n\t\t\t\t\t<div class=\"elementor-button-wrapper\">\n\t\t\t<a class=\"elementor-button elementor-button-link elementor-size-sm\" href=\"\/es\/contacto\">\n\t\t\t\t\t\t<span class=\"elementor-button-content-wrapper\">\n\t\t\t\t\t\t<span class=\"elementor-button-icon elementor-align-icon-left\">\n\t\t\t\t<i aria-hidden=\"true\" class=\"fas fa-angle-double-right\"><\/i>\t\t\t<\/span>\n\t\t\t\t\t\t<span class=\"elementor-button-text\">Contacta ahora<\/span>\n\t\t<\/span>\n\t\t\t\t\t<\/a>\n\t\t<\/div>\n\t\t\t\t<\/div>\n\t\t\t\t<\/div>\n\t\t\t\t\t<\/div>\n\t\t<\/div>\n\t\t\t\t<div class=\"elementor-column elementor-col-50 elementor-top-column elementor-element elementor-element-3089f37\" data-id=\"3089f37\" data-element_type=\"column\">\n\t\t\t<div class=\"elementor-widget-wrap elementor-element-populated\">\n\t\t\t\t\t\t\t\t<div class=\"elementor-element elementor-element-2b0fef25 elementor-widget elementor-widget-image\" data-id=\"2b0fef25\" data-element_type=\"widget\" data-widget_type=\"image.default\">\n\t\t\t\t<div class=\"elementor-widget-container\">\n\t\t\t\t\t\t\t\t\t\t\t\t<figure class=\"wp-caption\">\n\t\t\t\t\t\t\t\t\t\t<img loading=\"lazy\" decoding=\"async\" width=\"400\" height=\"400\" src=\"https:\/\/arkdrilling.com\/wp-content\/uploads\/2021\/04\/Water-Drilling-Rigs-Manufacturer.jpg\" class=\"attachment-large size-large wp-image-1197\" alt=\"Water Drilling Rigs Manufacturer\" srcset=\"https:\/\/arkdrilling.com\/wp-content\/uploads\/2021\/04\/Water-Drilling-Rigs-Manufacturer.jpg 400w, https:\/\/arkdrilling.com\/wp-content\/uploads\/2021\/04\/Water-Drilling-Rigs-Manufacturer-300x300.jpg 300w, https:\/\/arkdrilling.com\/wp-content\/uploads\/2021\/04\/Water-Drilling-Rigs-Manufacturer-150x150.jpg 150w\" sizes=\"auto, (max-width: 400px) 100vw, 400px\" \/>\t\t\t\t\t\t\t\t\t\t\t<figcaption class=\"widget-image-caption wp-caption-text\">Water Drilling Rigs Manufacturer<\/figcaption>\n\t\t\t\t\t\t\t\t\t\t<\/figure>\n\t\t\t\t\t\t\t\t\t<\/div>\n\t\t\t\t<\/div>\n\t\t\t\t\t<\/div>\n\t\t<\/div>\n\t\t\t\t\t\t\t<\/div>\n\t\t<\/section>\n\t\t\t\t<section class=\"elementor-section elementor-top-section elementor-element elementor-element-4fc74d26 elementor-section-boxed elementor-section-height-default elementor-section-height-default\" data-id=\"4fc74d26\" data-element_type=\"section\" data-settings=\"{&quot;background_background&quot;:&quot;classic&quot;}\">\n\t\t\t\t\t\t\t<div class=\"elementor-background-overlay\"><\/div>\n\t\t\t\t\t\t\t<div class=\"elementor-container elementor-column-gap-no\">\n\t\t\t\t\t<div class=\"elementor-column elementor-col-100 elementor-top-column elementor-element elementor-element-734c4c09\" data-id=\"734c4c09\" data-element_type=\"column\">\n\t\t\t<div class=\"elementor-widget-wrap elementor-element-populated\">\n\t\t\t\t\t\t\t\t<section class=\"elementor-section elementor-inner-section elementor-element elementor-element-4f2a2c15 elementor-section-boxed elementor-section-height-default elementor-section-height-default\" data-id=\"4f2a2c15\" data-element_type=\"section\" data-settings=\"{&quot;animation&quot;:&quot;none&quot;}\">\n\t\t\t\t\t\t<div class=\"elementor-container elementor-column-gap-no\">\n\t\t\t\t\t<div class=\"elementor-column elementor-col-50 elementor-inner-column elementor-element elementor-element-7fb76af0\" data-id=\"7fb76af0\" data-element_type=\"column\">\n\t\t\t<div class=\"elementor-widget-wrap elementor-element-populated\">\n\t\t\t\t\t\t\t\t<div class=\"elementor-element elementor-element-2e8dd884 elementor-widget elementor-widget-image\" data-id=\"2e8dd884\" data-element_type=\"widget\" data-widget_type=\"image.default\">\n\t\t\t\t<div class=\"elementor-widget-container\">\n\t\t\t\t\t\t\t\t\t\t\t\t<figure class=\"wp-caption\">\n\t\t\t\t\t\t\t\t\t\t<img decoding=\"async\" src=\"https:\/\/arkdrilling.com\/wp-content\/uploads\/elementor\/thumbs\/Water-Drilling-Rig-Manufacturer-in-Turkey-q9844yxtlor097sbx3c9j8y3msv614mlatu76nmyf4.jpg\" title=\"Water Drilling Rig Manufacturer in Turkey\" alt=\"Water Drilling Rig Manufacturer in Turkey\" loading=\"lazy\" \/>\t\t\t\t\t\t\t\t\t\t\t<figcaption class=\"widget-image-caption wp-caption-text\">Water Drilling Rig Manufacturer in Turkey<\/figcaption>\n\t\t\t\t\t\t\t\t\t\t<\/figure>\n\t\t\t\t\t\t\t\t\t<\/div>\n\t\t\t\t<\/div>\n\t\t\t\t\t<\/div>\n\t\t<\/div>\n\t\t\t\t<div class=\"elementor-column elementor-col-50 elementor-inner-column elementor-element elementor-element-6ce990c4\" data-id=\"6ce990c4\" data-element_type=\"column\">\n\t\t\t<div class=\"elementor-widget-wrap elementor-element-populated\">\n\t\t\t\t\t\t\t\t<div class=\"elementor-element elementor-element-3937159d elementor-widget elementor-widget-heading\" data-id=\"3937159d\" data-element_type=\"widget\" data-widget_type=\"heading.default\">\n\t\t\t\t<div class=\"elementor-widget-container\">\n\t\t\t<h2 class=\"elementor-heading-title elementor-size-default\">\u00bfCu\u00e1les son los tipos de plataformas de perforaci\u00f3n de agua?<\/h2>\t\t<\/div>\n\t\t\t\t<\/div>\n\t\t\t\t<div class=\"elementor-element elementor-element-7b2e55ff elementor-widget elementor-widget-text-editor\" data-id=\"7b2e55ff\" data-element_type=\"widget\" data-widget_type=\"text-editor.default\">\n\t\t\t\t<div class=\"elementor-widget-container\">\n\t\t\t\t\t\t\t<p>La <span style=\"text-decoration: underline;\"><em><strong>plataforma de perforaci\u00f3n de agua<\/strong><\/em><\/span> tiene diferentes tipos debido a sus caracter\u00edsticas. Es sumamente importante contar con la ayuda de expertos en la materia para saber cu\u00e1l de las m\u00e1quinas con diferentes caracter\u00edsticas dise\u00f1adas para cada piso es la mejor opci\u00f3n para usted. Tipos de plataformas de perforaci\u00f3n de agua;<\/p><p>1. Plataforma de perforaci\u00f3n de agua rotativa<\/p><p>Este dispositivo, llamado perforaci\u00f3n rotatoria, gira a cierta velocidad bajo impacto y presi\u00f3n. Es el dispositivo m\u00e1s adecuado para su uso en los suelos m\u00e1s duros. Tambi\u00e9n se le llama perforaci\u00f3n con aire porque expulsa las migajas que se encuentran en el interior durante la perforaci\u00f3n con aire. Se usa com\u00fanmente en pozos con mucho terreno duro para llegar a profundidad. La plataforma de perforaci\u00f3n de agua funciona con un sistema llamado sistema de transmisi\u00f3n de energ\u00eda.<\/p><p>2. Plataforma de perforaci\u00f3n de agua de impacto<\/p><p>Es el proceso de taladrar lentamente rompiendo el suelo de las piezas al final de la m\u00e1quina con golpes r\u00e1pidos. La perforaci\u00f3n se realiza f\u00e1cilmente gracias al suelo roto. Se utiliza en zonas que no tienen mucha profundidad. Mientras se realiza este proceso de perforaci\u00f3n, se utilizan 2 herramientas. El cable de acero y la barra de perforaci\u00f3n son herramientas que se utilizan durante la perforaci\u00f3n de impacto.<\/p><p>3. Equipo de perforaci\u00f3n de agua combinada<\/p><p>Son equipos de perforaci\u00f3n de agua que se obtienen al montar una m\u00e1quina de perforaci\u00f3n en cualquier veh\u00edculo pesado. Generalmente se usa en la mina. Esta m\u00e1quina tambi\u00e9n se utiliza durante la inspecci\u00f3n del terreno.<\/p>\t\t\t\t\t\t<\/div>\n\t\t\t\t<\/div>\n\t\t\t\t<div class=\"elementor-element elementor-element-57699608 elementor-mobile-align-center elementor-widget elementor-widget-button\" data-id=\"57699608\" data-element_type=\"widget\" data-widget_type=\"button.default\">\n\t\t\t\t<div class=\"elementor-widget-container\">\n\t\t\t\t\t<div class=\"elementor-button-wrapper\">\n\t\t\t<a class=\"elementor-button elementor-button-link elementor-size-sm\" href=\"\/es\/contacto\">\n\t\t\t\t\t\t<span class=\"elementor-button-content-wrapper\">\n\t\t\t\t\t\t<span class=\"elementor-button-icon elementor-align-icon-left\">\n\t\t\t\t<i aria-hidden=\"true\" class=\"fas fa-angle-double-right\"><\/i>\t\t\t<\/span>\n\t\t\t\t\t\t<span class=\"elementor-button-text\">Contacta ahora<\/span>\n\t\t<\/span>\n\t\t\t\t\t<\/a>\n\t\t<\/div>\n\t\t\t\t<\/div>\n\t\t\t\t<\/div>\n\t\t\t\t\t<\/div>\n\t\t<\/div>\n\t\t\t\t\t\t\t<\/div>\n\t\t<\/section>\n\t\t\t\t\t<\/div>\n\t\t<\/div>\n\t\t\t\t\t\t\t<\/div>\n\t\t<\/section>\n\t\t\t\t\t\t\t<\/div>\n\t\t","protected":false},"excerpt":{"rendered":"<p>Plataforma de perforaci\u00f3n de agua en Turqu\u00eda Fabricante de plataformas de perforaci\u00f3n de agua Como ARK Drilling, servimos equipos de perforaci\u00f3n de agua de alta calidad en Turqu\u00eda. El Water Drilling Rig es un dispositivo que permite trasladar al exterior el agua de la zona donde se aplica. Desciende f\u00e1cilmente a profundidades que no pueden &#8230; <a title=\"Plataforma de perforaci\u00f3n de agua en Turqu\u00eda\" class=\"read-more\" href=\"https:\/\/arkdrilling.com\/es\/plataforma-de-perforacion-de-agua-en-turquia\/\" aria-label=\"M\u00e1s en Plataforma de perforaci\u00f3n de agua en Turqu\u00eda\">Leer m\u00e1s<\/a><\/p>\n","protected":false},"author":1,"featured_media":0,"parent":0,"menu_order":0,"comment_status":"closed","ping_status":"closed","template":"elementor_header_footer","meta":{"footnotes":""},"class_list":["post-2327","page","type-page","status-publish"],"_links":{"self":[{"href":"https:\/\/arkdrilling.com\/es\/wp-json\/wp\/v2\/pages\/2327","targetHints":{"allow":["GET"]}}],"collection":[{"href":"https:\/\/arkdrilling.com\/es\/wp-json\/wp\/v2\/pages"}],"about":[{"href":"https:\/\/arkdrilling.com\/es\/wp-json\/wp\/v2\/types\/page"}],"author":[{"embeddable":true,"href":"https:\/\/arkdrilling.com\/es\/wp-json\/wp\/v2\/users\/1"}],"replies":[{"embeddable":true,"href":"https:\/\/arkdrilling.com\/es\/wp-json\/wp\/v2\/comments?post=2327"}],"version-history":[{"count":0,"href":"https:\/\/arkdrilling.com\/es\/wp-json\/wp\/v2\/pages\/2327\/revisions"}],"wp:attachment":[{"href":"https:\/\/arkdrilling.com\/es\/wp-json\/wp\/v2\/media?parent=2327"}],"curies":[{"name":"wp","href":"https:\/\/api.w.org\/{rel}","templated":true}]}}