{"id":2557,"date":"2021-05-01T19:04:17","date_gmt":"2021-05-01T19:04:17","guid":{"rendered":"https:\/\/ark.ihracatpro.co\/?page_id=2557"},"modified":"2024-01-17T15:02:50","modified_gmt":"2024-01-17T15:02:50","slug":"sobre-nosotros","status":"publish","type":"page","link":"https:\/\/arkdrilling.com\/es\/sobre-nosotros\/","title":{"rendered":"Sobre nosotros"},"content":{"rendered":"\t\t<div data-elementor-type=\"wp-page\" data-elementor-id=\"2557\" class=\"elementor elementor-2557\">\n\t\t\t\t\t\t\t\t\t<section class=\"elementor-section elementor-top-section elementor-element elementor-element-2284f6e elementor-section-full_width elementor-section-height-default elementor-section-height-default\" data-id=\"2284f6e\" data-element_type=\"section\">\n\t\t\t\t\t\t<div class=\"elementor-container elementor-column-gap-default\">\n\t\t\t\t\t<div class=\"elementor-column elementor-col-50 elementor-top-column elementor-element elementor-element-5dffad6\" data-id=\"5dffad6\" data-element_type=\"column\">\n\t\t\t<div class=\"elementor-widget-wrap elementor-element-populated\">\n\t\t\t\t\t\t\t\t<div class=\"elementor-element elementor-element-b844a32 elementor-widget elementor-widget-video\" data-id=\"b844a32\" data-element_type=\"widget\" data-settings=\"{&quot;video_type&quot;:&quot;hosted&quot;,&quot;autoplay&quot;:&quot;yes&quot;,&quot;play_on_mobile&quot;:&quot;yes&quot;,&quot;mute&quot;:&quot;yes&quot;,&quot;loop&quot;:&quot;yes&quot;}\" data-widget_type=\"video.default\">\n\t\t\t\t<div class=\"elementor-widget-container\">\n\t\t\t\t\t<div class=\"e-hosted-video elementor-wrapper elementor-open-inline\">\n\t\t\t\t\t<video class=\"elementor-video\" src=\"https:\/\/almancaogren.club\/arkvideo.mp4\" autoplay=\"\" loop=\"\" muted=\"muted\" playsinline=\"\" controlsList=\"nodownload\"><\/video>\n\t\t\t\t<\/div>\n\t\t\t\t<\/div>\n\t\t\t\t<\/div>\n\t\t\t\t\t<\/div>\n\t\t<\/div>\n\t\t\t\t<div class=\"elementor-column elementor-col-50 elementor-top-column elementor-element elementor-element-f8ce6b0 elementor-invisible\" data-id=\"f8ce6b0\" data-element_type=\"column\" data-settings=\"{&quot;animation&quot;:&quot;fadeInRight&quot;}\">\n\t\t\t<div class=\"elementor-widget-wrap elementor-element-populated\">\n\t\t\t\t\t\t\t\t<div class=\"elementor-element elementor-element-b29a6bc elementor-widget elementor-widget-heading\" data-id=\"b29a6bc\" data-element_type=\"widget\" data-widget_type=\"heading.default\">\n\t\t\t\t<div class=\"elementor-widget-container\">\n\t\t\t<h1 class=\"elementor-heading-title elementor-size-default\">Sobre nosotros<\/h1>\t\t<\/div>\n\t\t\t\t<\/div>\n\t\t\t\t<div class=\"elementor-element elementor-element-b0313ff elementor-widget elementor-widget-text-editor\" data-id=\"b0313ff\" data-element_type=\"widget\" data-widget_type=\"text-editor.default\">\n\t\t\t\t<div class=\"elementor-widget-container\">\n\t\t\t\t\t\t\t<p>El propietario de la empresa, el Sr. Halil \u0130brahim Yongul, fund\u00f3 ARK DRILLING, con el objetivo de destacarse en la competencia internacional con sus 20 a\u00f1os de experiencia en la fabricaci\u00f3n de m\u00e1quinas perforadoras y el orgullo de demostrar su calidad y confianza en el mercado local. En un corto per\u00edodo de 6 meses, se realizaron ventas de maquinaria a los pa\u00edses de Georgia, Guatemala y Argelia e hicieron una r\u00e1pida entrada en los mercados de Asia, Am\u00e9rica del Sur y \u00c1frica.<br \/>Nuestra empresa es uno de los principales fabricantes de m\u00e1quinas perforadoras de Turqu\u00eda con capital 100% nacional. ARK DRILLING tiene una imagen de marca fuerte con su servicio superior y calidad de m\u00e1quina, enfocado en satisfacer las necesidades del sector previendo las necesidades de la industria haciendo el mejor uso de los recursos de los proveedores y la industria, con la cooperaci\u00f3n de su equipo t\u00e9cnico experto y ingenieros, con su tecnolog\u00eda que se adapta a las condiciones del d\u00eda y se renueva constantemente.<br \/>Como ARK DRILLING, estamos abiertos al cambio y desarrollo que trae el d\u00eda, renov\u00e1ndonos constantemente, confiables, dando importancia a las expectativas y satisfacci\u00f3n del cliente, cuidando el servicio post-venta, dando apoyo total a sus clientes, trabajando para mejor. y la m\u00e1s alta calidad en equipo con nuestros proveedores, que la ganancia aumenta a medida que aumenta la participaci\u00f3n. es una MARCA cuya diferencia siempre se nota, sin perder su esp\u00edritu amateur del primer d\u00eda.<br \/>La importancia de la agricultura que surgi\u00f3 en el proceso de Covid 19 y las condiciones pand\u00e9micas y la sequ\u00eda global han aumentado la demanda de m\u00e1quinas perforadoras. Para cumplir con estas altas demandas, se revisaron los procesos de producci\u00f3n y se redujeron los tiempos de fabricaci\u00f3n de la m\u00e1quina de 45-60 d\u00edas a 25-30 d\u00edas.<\/p>\t\t\t\t\t\t<\/div>\n\t\t\t\t<\/div>\n\t\t\t\t<div class=\"elementor-element elementor-element-c168737 elementor-widget elementor-widget-button\" data-id=\"c168737\" data-element_type=\"widget\" data-widget_type=\"button.default\">\n\t\t\t\t<div class=\"elementor-widget-container\">\n\t\t\t\t\t<div class=\"elementor-button-wrapper\">\n\t\t\t<a class=\"elementor-button elementor-button-link elementor-size-sm\" href=\"\/es\/contacto\/\">\n\t\t\t\t\t\t<span class=\"elementor-button-content-wrapper\">\n\t\t\t\t\t\t<span class=\"elementor-button-text\">Contacta ahora<\/span>\n\t\t<\/span>\n\t\t\t\t\t<\/a>\n\t\t<\/div>\n\t\t\t\t<\/div>\n\t\t\t\t<\/div>\n\t\t\t\t\t<\/div>\n\t\t<\/div>\n\t\t\t\t\t\t\t<\/div>\n\t\t<\/section>\n\t\t\t\t\t\t\t<\/div>\n\t\t","protected":false},"excerpt":{"rendered":"<p>https:\/\/almancaogren.club\/arkvideo.mp4 Sobre nosotros El propietario de la empresa, el Sr. Halil \u0130brahim Yongul, fund\u00f3 ARK DRILLING, con el objetivo de destacarse en la competencia internacional con sus 20 a\u00f1os de experiencia en la fabricaci\u00f3n de m\u00e1quinas perforadoras y el orgullo de demostrar su calidad y confianza en el mercado local. En un corto per\u00edodo de &#8230; <a title=\"Sobre nosotros\" class=\"read-more\" href=\"https:\/\/arkdrilling.com\/es\/sobre-nosotros\/\" aria-label=\"M\u00e1s en Sobre nosotros\">Leer m\u00e1s<\/a><\/p>\n","protected":false},"author":1,"featured_media":0,"parent":0,"menu_order":0,"comment_status":"closed","ping_status":"closed","template":"elementor_header_footer","meta":{"footnotes":""},"class_list":["post-2557","page","type-page","status-publish"],"_links":{"self":[{"href":"https:\/\/arkdrilling.com\/es\/wp-json\/wp\/v2\/pages\/2557","targetHints":{"allow":["GET"]}}],"collection":[{"href":"https:\/\/arkdrilling.com\/es\/wp-json\/wp\/v2\/pages"}],"about":[{"href":"https:\/\/arkdrilling.com\/es\/wp-json\/wp\/v2\/types\/page"}],"author":[{"embeddable":true,"href":"https:\/\/arkdrilling.com\/es\/wp-json\/wp\/v2\/users\/1"}],"replies":[{"embeddable":true,"href":"https:\/\/arkdrilling.com\/es\/wp-json\/wp\/v2\/comments?post=2557"}],"version-history":[{"count":0,"href":"https:\/\/arkdrilling.com\/es\/wp-json\/wp\/v2\/pages\/2557\/revisions"}],"wp:attachment":[{"href":"https:\/\/arkdrilling.com\/es\/wp-json\/wp\/v2\/media?parent=2557"}],"curies":[{"name":"wp","href":"https:\/\/api.w.org\/{rel}","templated":true}]}}