{"id":4117,"date":"2021-06-15T10:22:46","date_gmt":"2021-06-15T10:22:46","guid":{"rendered":"https:\/\/arkdrilling.com\/?page_id=4117"},"modified":"2024-01-16T11:47:12","modified_gmt":"2024-01-16T11:47:12","slug":"hakkimizda","status":"publish","type":"page","link":"https:\/\/arkdrilling.com\/tr\/hakkimizda\/","title":{"rendered":"Hakk\u0131m\u0131zda"},"content":{"rendered":"\t\t<div data-elementor-type=\"wp-page\" data-elementor-id=\"4117\" class=\"elementor elementor-4117\">\n\t\t\t\t\t\t\t\t\t<section class=\"elementor-section elementor-top-section elementor-element elementor-element-2284f6e elementor-section-full_width elementor-section-height-default elementor-section-height-default\" data-id=\"2284f6e\" data-element_type=\"section\">\n\t\t\t\t\t\t<div class=\"elementor-container elementor-column-gap-default\">\n\t\t\t\t\t<div class=\"elementor-column elementor-col-50 elementor-top-column elementor-element elementor-element-5dffad6\" data-id=\"5dffad6\" data-element_type=\"column\">\n\t\t\t<div class=\"elementor-widget-wrap elementor-element-populated\">\n\t\t\t\t\t\t\t\t<div class=\"elementor-element elementor-element-bcb9188 elementor-widget elementor-widget-video\" data-id=\"bcb9188\" data-element_type=\"widget\" data-settings=\"{&quot;video_type&quot;:&quot;hosted&quot;,&quot;autoplay&quot;:&quot;yes&quot;,&quot;play_on_mobile&quot;:&quot;yes&quot;,&quot;mute&quot;:&quot;yes&quot;,&quot;loop&quot;:&quot;yes&quot;}\" data-widget_type=\"video.default\">\n\t\t\t\t<div class=\"elementor-widget-container\">\n\t\t\t\t\t<div class=\"e-hosted-video elementor-wrapper elementor-open-inline\">\n\t\t\t\t\t<video class=\"elementor-video\" src=\"https:\/\/almancaogren.club\/arkvideo.mp4\" autoplay=\"\" loop=\"\" muted=\"muted\" playsinline=\"\" controlsList=\"nodownload\"><\/video>\n\t\t\t\t<\/div>\n\t\t\t\t<\/div>\n\t\t\t\t<\/div>\n\t\t\t\t\t<\/div>\n\t\t<\/div>\n\t\t\t\t<div class=\"elementor-column elementor-col-50 elementor-top-column elementor-element elementor-element-f8ce6b0 elementor-invisible\" data-id=\"f8ce6b0\" data-element_type=\"column\" data-settings=\"{&quot;animation&quot;:&quot;fadeInRight&quot;}\">\n\t\t\t<div class=\"elementor-widget-wrap elementor-element-populated\">\n\t\t\t\t\t\t\t\t<div class=\"elementor-element elementor-element-b29a6bc elementor-widget elementor-widget-heading\" data-id=\"b29a6bc\" data-element_type=\"widget\" data-widget_type=\"heading.default\">\n\t\t\t\t<div class=\"elementor-widget-container\">\n\t\t\t<h1 class=\"elementor-heading-title elementor-size-default\">Hakk\u0131m\u0131zda<\/h1>\t\t<\/div>\n\t\t\t\t<\/div>\n\t\t\t\t<div class=\"elementor-element elementor-element-b0313ff elementor-widget elementor-widget-text-editor\" data-id=\"b0313ff\" data-element_type=\"widget\" data-widget_type=\"text-editor.default\">\n\t\t\t\t<div class=\"elementor-widget-container\">\n\t\t\t\t\t\t\t<p>Firma Sahibi Say\u0131n Halil \u0130brahim Y\u00f6ng\u00fcl, Sondaj Makinesi imalat\u0131nda 20 senelik tecr\u00fcbesini, yerel pazarda olu\u015fturdu\u011fu kalite ve g\u00fcvenle, kendini ispatlaman\u0131n vermi\u015f oldu\u011fu \u00a0gururu uluslararas\u0131 rekabette \u00f6ne \u00e7\u0131kmay\u0131 hedefleyerek ARK DRILLING firmas\u0131n\u0131 kurmu\u015ftur. 6 ayl\u0131k k\u0131sa bir s\u00fcrede G\u00fcrcistan, Guatemala ve Cezayir \u00fclkelerine makine sat\u0131\u015f\u0131 ger\u00e7ekle\u015ftirilerek Asya &#8211; G\u00fcney Amerika &#8211; Afrika pazarlar\u0131na h\u0131zl\u0131 bir giri\u015f yapm\u0131\u015ft\u0131r. \u00a0<\/p><p>\u015eirketimiz T\u00fcrkiye\u2019nin %100 yerli sermayeli \u00f6nde gelen sondaj makinesi \u00fcreticilerindendir. \u00a0ARK DRILLING uzman teknik ekibi ve m\u00fchendislerinin ortak \u00e7al\u0131\u015fmalar\u0131yla g\u00fcn\u00fcn \u015fartlar\u0131na uygun ve s\u00fcrekli kendini yenileyen teknolojisiyle, tedarik\u00e7i ve sanayi kaynaklar\u0131ndan en iyi \u015fekilde faydalan\u0131p, sekt\u00f6r\u00fcn ihtiya\u00e7lar\u0131n\u0131 \u00f6ncelik g\u00f6rerek ihtiya\u00e7lar\u0131 kar\u015f\u0131lamaya odaklanm\u0131\u015f, \u00fcst\u00fcn hizmet ve makine kalitesiyle g\u00fc\u00e7l\u00fc bir marka imaj\u0131na sahiptir.<\/p><p>ARK DRILLING innovatif yap\u0131s\u0131, g\u00fcn\u00fcn getirdi\u011fi de\u011fi\u015fim ve geli\u015fime a\u00e7\u0131k, s\u00fcrekli kendini yenileyen, \u00a0g\u00fcvenilir, m\u00fc\u015fteri beklenti ve memnuniyetine \u00f6nem veren, sat\u0131\u015f sonras\u0131 hizmetine \u00f6zen g\u00f6steren, m\u00fc\u015fterilerine tam destek veren, tedarik\u00e7ilerimizle bir ekip ruhu i\u00e7erisinde daha iyisi ve en kalitelisi i\u00e7in \u00e7al\u0131\u015fan, kazanc\u0131n payla\u015ft\u0131k\u00e7a \u00e7o\u011fald\u0131\u011f\u0131na inanan, ilk g\u00fcnk\u00fc amat\u00f6r ruhunu asla kaybetmeden, fark\u0131 her zaman fark edilen bir MARKA\u2019d\u0131r<\/p><p>Covid 19 ve pandemi s\u00fcrecinde ortaya \u00e7\u0131kan tar\u0131m\u0131n \u00f6nemi ve k\u00fcresel kurakl\u0131kla birlikte sondaj makinelerine talebi artt\u0131rm\u0131\u015ft\u0131r. Olu\u015fan bu yo\u011fun talepleri kar\u015f\u0131lama ad\u0131na \u00fcretim s\u00fcre\u00e7leri tekrar g\u00f6zden ge\u00e7irilerek 45-60 g\u00fcn olan makine imalat s\u00fcreleri 25-30 g\u00fcne d\u00fc\u015f\u00fcr\u00fclm\u00fc\u015ft\u00fcr.<\/p>\t\t\t\t\t\t<\/div>\n\t\t\t\t<\/div>\n\t\t\t\t<div class=\"elementor-element elementor-element-c168737 elementor-widget elementor-widget-button\" data-id=\"c168737\" data-element_type=\"widget\" data-widget_type=\"button.default\">\n\t\t\t\t<div class=\"elementor-widget-container\">\n\t\t\t\t\t<div class=\"elementor-button-wrapper\">\n\t\t\t<a class=\"elementor-button elementor-button-link elementor-size-sm\" href=\"\/tr\/iletisim\">\n\t\t\t\t\t\t<span class=\"elementor-button-content-wrapper\">\n\t\t\t\t\t\t<span class=\"elementor-button-text\">\u0130leti\u015fim<\/span>\n\t\t<\/span>\n\t\t\t\t\t<\/a>\n\t\t<\/div>\n\t\t\t\t<\/div>\n\t\t\t\t<\/div>\n\t\t\t\t\t<\/div>\n\t\t<\/div>\n\t\t\t\t\t\t\t<\/div>\n\t\t<\/section>\n\t\t\t\t\t\t\t<\/div>\n\t\t","protected":false},"excerpt":{"rendered":"<p>https:\/\/almancaogren.club\/arkvideo.mp4 Hakk\u0131m\u0131zda Firma Sahibi Say\u0131n Halil \u0130brahim Y\u00f6ng\u00fcl, Sondaj Makinesi imalat\u0131nda 20 senelik tecr\u00fcbesini, yerel pazarda olu\u015fturdu\u011fu kalite ve g\u00fcvenle, kendini ispatlaman\u0131n vermi\u015f oldu\u011fu \u00a0gururu uluslararas\u0131 rekabette \u00f6ne \u00e7\u0131kmay\u0131 hedefleyerek ARK DRILLING firmas\u0131n\u0131 kurmu\u015ftur. 6 ayl\u0131k k\u0131sa bir s\u00fcrede G\u00fcrcistan, Guatemala ve Cezayir \u00fclkelerine makine sat\u0131\u015f\u0131 ger\u00e7ekle\u015ftirilerek Asya &#8211; G\u00fcney Amerika &#8211; Afrika pazarlar\u0131na h\u0131zl\u0131 &#8230; <a title=\"Hakk\u0131m\u0131zda\" class=\"read-more\" href=\"https:\/\/arkdrilling.com\/tr\/hakkimizda\/\" aria-label=\"More on Hakk\u0131m\u0131zda\">Devam\u0131n\u0131 oku<\/a><\/p>\n","protected":false},"author":1,"featured_media":0,"parent":0,"menu_order":0,"comment_status":"closed","ping_status":"closed","template":"elementor_header_footer","meta":{"footnotes":""},"class_list":["post-4117","page","type-page","status-publish"],"_links":{"self":[{"href":"https:\/\/arkdrilling.com\/tr\/wp-json\/wp\/v2\/pages\/4117","targetHints":{"allow":["GET"]}}],"collection":[{"href":"https:\/\/arkdrilling.com\/tr\/wp-json\/wp\/v2\/pages"}],"about":[{"href":"https:\/\/arkdrilling.com\/tr\/wp-json\/wp\/v2\/types\/page"}],"author":[{"embeddable":true,"href":"https:\/\/arkdrilling.com\/tr\/wp-json\/wp\/v2\/users\/1"}],"replies":[{"embeddable":true,"href":"https:\/\/arkdrilling.com\/tr\/wp-json\/wp\/v2\/comments?post=4117"}],"version-history":[{"count":0,"href":"https:\/\/arkdrilling.com\/tr\/wp-json\/wp\/v2\/pages\/4117\/revisions"}],"wp:attachment":[{"href":"https:\/\/arkdrilling.com\/tr\/wp-json\/wp\/v2\/media?parent=4117"}],"curies":[{"name":"wp","href":"https:\/\/api.w.org\/{rel}","templated":true}]}}