{"id":4160,"date":"2021-06-21T18:08:06","date_gmt":"2021-06-21T18:08:06","guid":{"rendered":"https:\/\/arkdrilling.com\/?page_id=4160"},"modified":"2021-09-02T07:44:37","modified_gmt":"2021-09-02T07:44:37","slug":"konya-sondaj-makinasi","status":"publish","type":"page","link":"https:\/\/arkdrilling.com\/tr\/konya-sondaj-makinasi\/","title":{"rendered":"Konya Sondaj Makinas\u0131 \u00dcreticisi"},"content":{"rendered":"\t\t<div data-elementor-type=\"wp-page\" data-elementor-id=\"4160\" class=\"elementor elementor-4160\">\n\t\t\t\t\t\t\t\t\t<section class=\"elementor-section elementor-top-section elementor-element elementor-element-c9200d elementor-section-height-min-height elementor-section-boxed elementor-section-height-default elementor-section-items-middle\" data-id=\"c9200d\" data-element_type=\"section\" data-settings=\"{&quot;background_background&quot;:&quot;classic&quot;}\">\n\t\t\t\t\t\t\t<div class=\"elementor-background-overlay\"><\/div>\n\t\t\t\t\t\t\t<div class=\"elementor-container elementor-column-gap-no\">\n\t\t\t\t\t<div class=\"elementor-column elementor-col-100 elementor-top-column elementor-element elementor-element-4007bff1\" data-id=\"4007bff1\" data-element_type=\"column\">\n\t\t\t<div class=\"elementor-widget-wrap elementor-element-populated\">\n\t\t\t\t\t\t\t\t<div class=\"elementor-element elementor-element-12badcb2 elementor-widget elementor-widget-heading\" data-id=\"12badcb2\" data-element_type=\"widget\" data-widget_type=\"heading.default\">\n\t\t\t\t<div class=\"elementor-widget-container\">\n\t\t\t<h1 class=\"elementor-heading-title elementor-size-default\">Konya Sondaj Makinas\u0131 \u00dcreticisi<\/h1>\t\t<\/div>\n\t\t\t\t<\/div>\n\t\t\t\t\t<\/div>\n\t\t<\/div>\n\t\t\t\t\t\t\t<\/div>\n\t\t<\/section>\n\t\t\t\t<section class=\"elementor-section elementor-top-section elementor-element elementor-element-2442fbfa elementor-section-boxed elementor-section-height-default elementor-section-height-default\" data-id=\"2442fbfa\" data-element_type=\"section\">\n\t\t\t\t\t\t<div class=\"elementor-container elementor-column-gap-default\">\n\t\t\t\t\t<div class=\"elementor-column elementor-col-100 elementor-top-column elementor-element elementor-element-6b83b9c6\" data-id=\"6b83b9c6\" data-element_type=\"column\">\n\t\t\t<div class=\"elementor-widget-wrap elementor-element-populated\">\n\t\t\t\t\t\t\t\t<div class=\"elementor-element elementor-element-5d90a874 elementor-widget elementor-widget-heading\" data-id=\"5d90a874\" data-element_type=\"widget\" data-widget_type=\"heading.default\">\n\t\t\t\t<div class=\"elementor-widget-container\">\n\t\t\t<h2 class=\"elementor-heading-title elementor-size-default\">ARK Drilling Konya Sondaj Makinas\u0131 \u00dcreticisi<\/h2>\t\t<\/div>\n\t\t\t\t<\/div>\n\t\t\t\t<div class=\"elementor-element elementor-element-31c4531e elementor-widget elementor-widget-text-editor\" data-id=\"31c4531e\" data-element_type=\"widget\" data-widget_type=\"text-editor.default\">\n\t\t\t\t<div class=\"elementor-widget-container\">\n\t\t\t\t\t\t\t<p>ARK Sondaj olarak <strong>Konya&#8217;da sondaj makinas\u0131<\/strong> \u00fcretimi yapmaktay\u0131z.<\/p><p>Yer alt\u0131nda bulunan kaynaklar\u0131n (su, maden, petrol, do\u011falgaz vb. ) yer\u00fcst\u00fcne \u00e7\u0131karmak i\u00e7in yap\u0131lan, bilimsel ve teknik y\u00f6ntemlerle kuyu a\u00e7ma \u00e7al\u0131\u015fmalar\u0131na sondaj denilir. Sondaj \u00e7al\u0131\u015fmalar\u0131nda ama\u00e7, yeralt\u0131nda bulunan kaynaklar\u0131n verimli bir \u015fekilde yer\u00fcst\u00fcne \u00e7\u0131kar\u0131lmas\u0131d\u0131r. Bunun \u00e7al\u0131\u015fmalar i\u00e7in \u00e7e\u015fitli ekipmanlar kullan\u0131lmaktad\u0131r. Sondaj ekipman\u0131, delme \u015fekillerine ve y\u00f6ntemlerine g\u00f6re \u00fc\u00e7 ana gruba ayr\u0131l\u0131r.<\/p><ul><li><span style=\"color: #ffffff;\"><a style=\"color: #ffffff;\" href=\"https:\/\/arkdrilling.com\/tr\/su-sondaj-makinasi-fiyatlari-2021\/\">Su sondaj makinas\u0131<\/a><\/span><\/li><li><span style=\"color: #ffffff;\"><a style=\"color: #ffffff;\" href=\"https:\/\/arkdrilling.com\/tr\/sondaj-makinasi-fiyatlari-2021\/\">Sondaj Makinas\u0131<\/a><\/span><\/li><li><span style=\"color: #ffffff;\"><a style=\"color: #ffffff;\" href=\"https:\/\/arkdrilling.com\/tr\/kelly-rotary-sondaj-makineleri\/\">Kelly Rotary Sondaj Makineleri<\/a><\/span><\/li><\/ul><p>Siz de <span style=\"text-decoration: underline;\"><em>Konya&#8217;da sondaj makinas\u0131<\/em><\/span> almak istiyorsan\u0131z, detaylar i\u00e7in hemen ileti\u015fime ge\u00e7in.<\/p>\t\t\t\t\t\t<\/div>\n\t\t\t\t<\/div>\n\t\t\t\t\t<\/div>\n\t\t<\/div>\n\t\t\t\t\t\t\t<\/div>\n\t\t<\/section>\n\t\t\t\t<section class=\"elementor-section elementor-top-section elementor-element elementor-element-3d2380cd elementor-section-boxed elementor-section-height-default elementor-section-height-default\" data-id=\"3d2380cd\" data-element_type=\"section\" data-settings=\"{&quot;background_background&quot;:&quot;classic&quot;,&quot;shape_divider_top&quot;:&quot;opacity-tilt&quot;}\">\n\t\t\t\t\t<div class=\"elementor-shape elementor-shape-top\" data-negative=\"false\">\n\t\t\t<svg xmlns=\"http:\/\/www.w3.org\/2000\/svg\" viewBox=\"0 0 2600 131.1\" preserveAspectRatio=\"none\">\n\t<path class=\"elementor-shape-fill\" d=\"M0 0L2600 0 2600 69.1 0 0z\"\/>\n\t<path class=\"elementor-shape-fill\" style=\"opacity:0.5\" d=\"M0 0L2600 0 2600 69.1 0 69.1z\"\/>\n\t<path class=\"elementor-shape-fill\" style=\"opacity:0.25\" d=\"M2600 0L0 0 0 130.1 2600 69.1z\"\/>\n<\/svg>\t\t<\/div>\n\t\t\t\t\t<div class=\"elementor-container elementor-column-gap-default\">\n\t\t\t\t\t<div class=\"elementor-column elementor-col-50 elementor-top-column elementor-element elementor-element-49c13216\" data-id=\"49c13216\" data-element_type=\"column\">\n\t\t\t<div class=\"elementor-widget-wrap elementor-element-populated\">\n\t\t\t\t\t\t\t\t<div class=\"elementor-element elementor-element-79bd7cd2 elementor-widget elementor-widget-heading\" data-id=\"79bd7cd2\" data-element_type=\"widget\" data-widget_type=\"heading.default\">\n\t\t\t\t<div class=\"elementor-widget-container\">\n\t\t\t<h2 class=\"elementor-heading-title elementor-size-default\">Konya Sondaj Makinas\u0131 & Ekipmanlar\u0131<\/h2>\t\t<\/div>\n\t\t\t\t<\/div>\n\t\t\t\t<div class=\"elementor-element elementor-element-76082a19 elementor-widget elementor-widget-text-editor\" data-id=\"76082a19\" data-element_type=\"widget\" data-widget_type=\"text-editor.default\">\n\t\t\t\t<div class=\"elementor-widget-container\">\n\t\t\t\t\t\t\t<ul><li>Matkap: Sondaj makinelerinin kullan\u0131laca\u011f\u0131 zemin yap\u0131s\u0131na sert, yumu\u015fak ve ge\u00e7irgen y\u00fczeylerde kullan\u0131lmak i\u00e7in tasarlanm\u0131\u015f sondaj ekipman\u0131d\u0131r.<\/li><li>Sondaj \u00dcnitesi: Vin\u00e7, hidrolik, morset ve kedi ba\u015f\u0131 gibi b\u00f6l\u00fcmleri vard\u0131r.<\/li><li>Tahrik \u00dcnitesi: Sondaj makinelerinin g\u00fcc\u00fcn\u00fc ald\u0131\u011f\u0131 b\u00f6l\u00fcme verilen isimdir.<\/li><li>G\u00fc\u00e7 Aktar\u0131m: <a href=\"https:\/\/arkdrilling.com\/tr\/sondaj-makinesi-yedek-parca\/\"><strong>Sondaj makinas\u0131 yedek par\u00e7a <\/strong><\/a>olup, kuru kavramal\u0131 \u00f6zelli\u011finde olup debriyaj ve \u015fanz\u0131mandan olu\u015fmaktad\u0131r.<\/li><li>K\u0131zak: \u015ease k\u0131sm\u0131n\u0131 olu\u015fturan par\u00e7aya verilen isimdir.<\/li><li>Pompalar: Sondaj Makinelerinin en \u00f6nemli ekipmanlar\u0131ndan olan pompalar kullan\u0131m alanlar\u0131na g\u00f6re \u00e7e\u015fitleri bulunmaktad\u0131r. Bas\u0131nc\u0131 y\u00fcksek pompa \u00e7e\u015fidine pistonlu pompa denir. Elektrikle \u00e7al\u0131\u015fanlara dalg\u0131\u00e7 pompa, debisi y\u00fcksek alanlarda kullan\u0131lan pompalara santrif\u00fcj pompa ve 7 metreden fazla derin olan kuyularda kullan\u0131lan derin kuyu pompa \u00e7e\u015fitleri bulunmaktad\u0131r.<\/li><\/ul>\t\t\t\t\t\t<\/div>\n\t\t\t\t<\/div>\n\t\t\t\t<div class=\"elementor-element elementor-element-2f82e5e5 elementor-mobile-align-center elementor-widget elementor-widget-button\" data-id=\"2f82e5e5\" data-element_type=\"widget\" data-widget_type=\"button.default\">\n\t\t\t\t<div class=\"elementor-widget-container\">\n\t\t\t\t\t<div class=\"elementor-button-wrapper\">\n\t\t\t<a class=\"elementor-button elementor-button-link elementor-size-sm\" href=\"\/tr\/iletisim\">\n\t\t\t\t\t\t<span class=\"elementor-button-content-wrapper\">\n\t\t\t\t\t\t<span class=\"elementor-button-icon elementor-align-icon-left\">\n\t\t\t\t<i aria-hidden=\"true\" class=\"fas fa-angle-double-right\"><\/i>\t\t\t<\/span>\n\t\t\t\t\t\t<span class=\"elementor-button-text\">\u0130leti\u015fim<\/span>\n\t\t<\/span>\n\t\t\t\t\t<\/a>\n\t\t<\/div>\n\t\t\t\t<\/div>\n\t\t\t\t<\/div>\n\t\t\t\t\t<\/div>\n\t\t<\/div>\n\t\t\t\t<div class=\"elementor-column elementor-col-50 elementor-top-column elementor-element elementor-element-1556d523\" data-id=\"1556d523\" data-element_type=\"column\">\n\t\t\t<div class=\"elementor-widget-wrap elementor-element-populated\">\n\t\t\t\t\t\t\t\t<div class=\"elementor-element elementor-element-2ceea050 elementor-widget elementor-widget-image\" data-id=\"2ceea050\" data-element_type=\"widget\" data-widget_type=\"image.default\">\n\t\t\t\t<div class=\"elementor-widget-container\">\n\t\t\t\t\t\t\t\t\t\t\t\t<figure class=\"wp-caption\">\n\t\t\t\t\t\t\t\t\t\t<img loading=\"lazy\" decoding=\"async\" width=\"800\" height=\"600\" src=\"https:\/\/arkdrilling.com\/wp-content\/uploads\/2021\/06\/sondaj-makinasi.jpg\" class=\"attachment-large size-large wp-image-4150\" alt=\"Konya Sondaj makinas\u0131\" srcset=\"https:\/\/arkdrilling.com\/wp-content\/uploads\/2021\/06\/sondaj-makinasi.jpg 800w, https:\/\/arkdrilling.com\/wp-content\/uploads\/2021\/06\/sondaj-makinasi-300x225.jpg 300w, https:\/\/arkdrilling.com\/wp-content\/uploads\/2021\/06\/sondaj-makinasi-768x576.jpg 768w\" sizes=\"auto, (max-width: 800px) 100vw, 800px\" \/>\t\t\t\t\t\t\t\t\t\t\t<figcaption class=\"widget-image-caption wp-caption-text\">Konya Sondaj makinas\u0131<\/figcaption>\n\t\t\t\t\t\t\t\t\t\t<\/figure>\n\t\t\t\t\t\t\t\t\t<\/div>\n\t\t\t\t<\/div>\n\t\t\t\t\t<\/div>\n\t\t<\/div>\n\t\t\t\t\t\t\t<\/div>\n\t\t<\/section>\n\t\t\t\t<section class=\"elementor-section elementor-top-section elementor-element elementor-element-58ff23cd elementor-section-boxed elementor-section-height-default elementor-section-height-default\" data-id=\"58ff23cd\" data-element_type=\"section\" data-settings=\"{&quot;background_background&quot;:&quot;classic&quot;}\">\n\t\t\t\t\t\t\t<div class=\"elementor-background-overlay\"><\/div>\n\t\t\t\t\t\t\t<div class=\"elementor-container elementor-column-gap-no\">\n\t\t\t\t\t<div class=\"elementor-column elementor-col-100 elementor-top-column elementor-element elementor-element-8a2dd5b\" data-id=\"8a2dd5b\" data-element_type=\"column\">\n\t\t\t<div class=\"elementor-widget-wrap elementor-element-populated\">\n\t\t\t\t\t\t\t\t<section class=\"elementor-section elementor-inner-section elementor-element elementor-element-79e1659 elementor-section-boxed elementor-section-height-default elementor-section-height-default\" data-id=\"79e1659\" data-element_type=\"section\" data-settings=\"{&quot;animation&quot;:&quot;none&quot;}\">\n\t\t\t\t\t\t<div class=\"elementor-container elementor-column-gap-no\">\n\t\t\t\t\t<div class=\"elementor-column elementor-col-50 elementor-inner-column elementor-element elementor-element-4bddfe8\" data-id=\"4bddfe8\" data-element_type=\"column\">\n\t\t\t<div class=\"elementor-widget-wrap elementor-element-populated\">\n\t\t\t\t\t\t\t\t<div class=\"elementor-element elementor-element-465362ce elementor-widget elementor-widget-image\" data-id=\"465362ce\" data-element_type=\"widget\" data-widget_type=\"image.default\">\n\t\t\t\t<div class=\"elementor-widget-container\">\n\t\t\t\t\t\t\t\t\t\t\t\t<figure class=\"wp-caption\">\n\t\t\t\t\t\t\t\t\t\t<img decoding=\"async\" src=\"https:\/\/arkdrilling.com\/wp-content\/uploads\/elementor\/thumbs\/sondaj-makinasi-turleri-q9844zvnsisaktqyrlqw3qpk86qj8tqbmyhonxlk8w.jpeg\" title=\"Sondaj makinas\u0131 t\u00fcrleri\" alt=\"Sondaj makinas\u0131 t\u00fcrleri\" loading=\"lazy\" \/>\t\t\t\t\t\t\t\t\t\t\t<figcaption class=\"widget-image-caption wp-caption-text\">Sondaj makinas\u0131 t\u00fcrleri<\/figcaption>\n\t\t\t\t\t\t\t\t\t\t<\/figure>\n\t\t\t\t\t\t\t\t\t<\/div>\n\t\t\t\t<\/div>\n\t\t\t\t\t<\/div>\n\t\t<\/div>\n\t\t\t\t<div class=\"elementor-column elementor-col-50 elementor-inner-column elementor-element elementor-element-3a1195d8\" data-id=\"3a1195d8\" data-element_type=\"column\">\n\t\t\t<div class=\"elementor-widget-wrap elementor-element-populated\">\n\t\t\t\t\t\t\t\t<div class=\"elementor-element elementor-element-5bff51f0 elementor-widget elementor-widget-heading\" data-id=\"5bff51f0\" data-element_type=\"widget\" data-widget_type=\"heading.default\">\n\t\t\t\t<div class=\"elementor-widget-container\">\n\t\t\t<h3 class=\"elementor-heading-title elementor-size-default\">Sondaj Yap\u0131l\u0131\u015f Ama\u00e7lar\u0131 Nelerdir?<\/h3>\t\t<\/div>\n\t\t\t\t<\/div>\n\t\t\t\t<div class=\"elementor-element elementor-element-67c0b133 elementor-widget elementor-widget-text-editor\" data-id=\"67c0b133\" data-element_type=\"widget\" data-widget_type=\"text-editor.default\">\n\t\t\t\t<div class=\"elementor-widget-container\">\n\t\t\t\t\t\t\t<p>Genellikle, jeolojik olarak e\u011fim ve kal\u0131nl\u0131klar\u0131n belirlenmesinde, cevher yataklar\u0131n\u0131 belirleyerek rezerv miktar\u0131n\u0131 saptanmas\u0131nda, su bulma \u00e7al\u0131\u015fmalar\u0131nda kullan\u0131l\u0131r. Elektrik nakil hatlar\u0131n\u0131n d\u00f6\u015fenmesinde, uranyum aramalar\u0131nda, batakl\u0131k kurutma i\u015flemlerinde sondaj \u00e7al\u0131\u015fmalar\u0131 yap\u0131l\u0131r. Ayr\u0131ca in\u015faatlarda su depolar\u0131 olu\u015fturma, baraj yap\u0131lmas\u0131, r\u0131ht\u0131mlar ve k\u00f6pr\u00fc yap\u0131mlar\u0131nda da sondaj \u00e7al\u0131\u015fmalar\u0131 ger\u00e7ekle\u015ftirilir. Sondaj \u00e7al\u0131\u015fmalar\u0131nda \u00e7e\u015fitli <strong>Konya sondaj makinas\u0131 <\/strong>kullan\u0131l\u0131r.<\/p>\t\t\t\t\t\t<\/div>\n\t\t\t\t<\/div>\n\t\t\t\t<div class=\"elementor-element elementor-element-35f0e69c elementor-mobile-align-center elementor-widget elementor-widget-button\" data-id=\"35f0e69c\" data-element_type=\"widget\" data-widget_type=\"button.default\">\n\t\t\t\t<div class=\"elementor-widget-container\">\n\t\t\t\t\t<div class=\"elementor-button-wrapper\">\n\t\t\t<a class=\"elementor-button elementor-button-link elementor-size-sm\" href=\"\/tr\/iletisim\">\n\t\t\t\t\t\t<span class=\"elementor-button-content-wrapper\">\n\t\t\t\t\t\t<span class=\"elementor-button-icon elementor-align-icon-left\">\n\t\t\t\t<i aria-hidden=\"true\" class=\"fas fa-angle-double-right\"><\/i>\t\t\t<\/span>\n\t\t\t\t\t\t<span class=\"elementor-button-text\">\u0130leti\u015fim<\/span>\n\t\t<\/span>\n\t\t\t\t\t<\/a>\n\t\t<\/div>\n\t\t\t\t<\/div>\n\t\t\t\t<\/div>\n\t\t\t\t\t<\/div>\n\t\t<\/div>\n\t\t\t\t\t\t\t<\/div>\n\t\t<\/section>\n\t\t\t\t\t<\/div>\n\t\t<\/div>\n\t\t\t\t\t\t\t<\/div>\n\t\t<\/section>\n\t\t\t\t<section class=\"elementor-section elementor-top-section elementor-element elementor-element-21f33872 elementor-section-boxed elementor-section-height-default elementor-section-height-default\" data-id=\"21f33872\" data-element_type=\"section\" data-settings=\"{&quot;background_background&quot;:&quot;classic&quot;,&quot;shape_divider_top&quot;:&quot;opacity-tilt&quot;}\">\n\t\t\t\t\t<div class=\"elementor-shape elementor-shape-top\" data-negative=\"false\">\n\t\t\t<svg xmlns=\"http:\/\/www.w3.org\/2000\/svg\" viewBox=\"0 0 2600 131.1\" preserveAspectRatio=\"none\">\n\t<path class=\"elementor-shape-fill\" d=\"M0 0L2600 0 2600 69.1 0 0z\"\/>\n\t<path class=\"elementor-shape-fill\" style=\"opacity:0.5\" d=\"M0 0L2600 0 2600 69.1 0 69.1z\"\/>\n\t<path class=\"elementor-shape-fill\" style=\"opacity:0.25\" d=\"M2600 0L0 0 0 130.1 2600 69.1z\"\/>\n<\/svg>\t\t<\/div>\n\t\t\t\t\t<div class=\"elementor-container elementor-column-gap-default\">\n\t\t\t\t\t<div class=\"elementor-column elementor-col-50 elementor-top-column elementor-element elementor-element-4d46a0dd\" data-id=\"4d46a0dd\" data-element_type=\"column\">\n\t\t\t<div class=\"elementor-widget-wrap elementor-element-populated\">\n\t\t\t\t\t\t\t\t<div class=\"elementor-element elementor-element-7ac507fa elementor-widget elementor-widget-heading\" data-id=\"7ac507fa\" data-element_type=\"widget\" data-widget_type=\"heading.default\">\n\t\t\t\t<div class=\"elementor-widget-container\">\n\t\t\t<h4 class=\"elementor-heading-title elementor-size-default\">Sondajlar\u0131n S\u0131n\u0131fland\u0131r\u0131lmas\u0131 Nas\u0131l Olur?<\/h4>\t\t<\/div>\n\t\t\t\t<\/div>\n\t\t\t\t<div class=\"elementor-element elementor-element-6d50e63d elementor-widget elementor-widget-text-editor\" data-id=\"6d50e63d\" data-element_type=\"widget\" data-widget_type=\"text-editor.default\">\n\t\t\t\t<div class=\"elementor-widget-container\">\n\t\t\t\t\t\t\t<p>Sondajlar s\u0131n\u0131fland\u0131r\u0131l\u0131rken; \u00c7aplar\u0131na g\u00f6re, Derinliklerine g\u00f6re, yerlerine g\u00f6re, ama\u00e7lar\u0131na g\u00f6re ve y\u00f6ntemlerine g\u00f6re be\u015f b\u00f6l\u00fcme ayr\u0131l\u0131rlar.<\/p><ol><li>Derinliklerine g\u00f6re sondajlar: S\u0131\u011f, derin, \u00e7ok derin ve ultra derin sondaj olarak s\u0131n\u0131flara ayr\u0131l\u0131rlar<\/li><li>\u00c7aplar\u0131na g\u00f6re sondajlar: Dar \u00e7apl\u0131, geni\u015f ve \u00e7ok geni\u015f \u00e7apl\u0131 diye \u00fc\u00e7 b\u00f6l\u00fcme ayr\u0131l\u0131r.<\/li><li>Yerlerine g\u00f6re sondajlar: Yer\u00fcst\u00fcnde ve Su \u00fcst\u00fcnde yap\u0131lan sondaj \u00e7e\u015fitleri vard\u0131r.<\/li><li>Ama\u00e7lar\u0131na g\u00f6re sondajlar: Arama, geli\u015ftirme, \u00fcretim ve yard\u0131mc\u0131 diye d\u00f6rt s\u0131n\u0131fa ayr\u0131l\u0131r.<\/li><li>Y\u00f6ntemlerine g\u00f6re Sondajlar: Darbeli, d\u00f6ner, kombine \u015feklinde sondajlar s\u0131n\u0131fland\u0131r\u0131l\u0131r.<\/li><\/ol><p><strong>Emniyet Tedbirleri Nas\u0131l Olmal\u0131d\u0131r?<\/strong><\/p><p>Sondaj \u00e7al\u0131\u015fmalarda, en ufak bir ihmal veya tedbirsizlik \u00e7ok b\u00fcy\u00fck sorunlara yol a\u00e7abilir. Hatta insan hayat\u0131yla \u00f6denebilir. Derinliklerde yap\u0131lan \u00e7al\u0131\u015fmalarda zehirlenmeler meydana gelebiliyor. Bundan dolay\u0131 \u00e7al\u0131\u015fan personelin dikkatli olmas\u0131, acele etmemesi ve emniyet tedbirlerine uymas\u0131 \u00f6nemlidir. Sondaj ekipmanlar\u0131n\u0131 se\u00e7erken kalite ve verimlilik \u00e7ok \u00f6nemlidir ve \u00f6n planda tutulmal\u0131d\u0131r. Maliyet hesaplar\u0131 yap\u0131l\u0131rken sondaj \u00e7al\u0131\u015fmalar\u0131 s\u0131ras\u0131nda olu\u015facak ekstra durumlar dikkate al\u0131nmal\u0131d\u0131r. Bundan dolay\u0131 da <strong>sondaj ekipman\u0131<\/strong> s\u0131k s\u0131k rutin bak\u0131mlar\u0131 ihmal edilmemelidir.\u00a0<\/p><p><span style=\"text-decoration: underline;\"><strong><em>Konya Sondaj Makinas\u0131<\/em><\/strong><\/span> almak istiyorsan\u0131z, ARK Drilling \u00e7al\u0131\u015fanlar\u0131 ile \u015fimdi Whatsapp veya telefon yoluyla ileti\u015fime ge\u00e7in!<\/p>\t\t\t\t\t\t<\/div>\n\t\t\t\t<\/div>\n\t\t\t\t<div class=\"elementor-element elementor-element-217d01e7 elementor-mobile-align-center elementor-widget elementor-widget-button\" data-id=\"217d01e7\" data-element_type=\"widget\" data-widget_type=\"button.default\">\n\t\t\t\t<div class=\"elementor-widget-container\">\n\t\t\t\t\t<div class=\"elementor-button-wrapper\">\n\t\t\t<a class=\"elementor-button elementor-button-link elementor-size-sm\" href=\"\/tr\/iletisim\">\n\t\t\t\t\t\t<span class=\"elementor-button-content-wrapper\">\n\t\t\t\t\t\t<span class=\"elementor-button-icon elementor-align-icon-left\">\n\t\t\t\t<i aria-hidden=\"true\" class=\"fas fa-angle-double-right\"><\/i>\t\t\t<\/span>\n\t\t\t\t\t\t<span class=\"elementor-button-text\">\u0130leti\u015fim<\/span>\n\t\t<\/span>\n\t\t\t\t\t<\/a>\n\t\t<\/div>\n\t\t\t\t<\/div>\n\t\t\t\t<\/div>\n\t\t\t\t\t<\/div>\n\t\t<\/div>\n\t\t\t\t<div class=\"elementor-column elementor-col-50 elementor-top-column elementor-element elementor-element-696db98\" data-id=\"696db98\" data-element_type=\"column\">\n\t\t\t<div class=\"elementor-widget-wrap elementor-element-populated\">\n\t\t\t\t\t\t\t\t<div class=\"elementor-element elementor-element-61c0e852 elementor-widget elementor-widget-image\" data-id=\"61c0e852\" data-element_type=\"widget\" data-widget_type=\"image.default\">\n\t\t\t\t<div class=\"elementor-widget-container\">\n\t\t\t\t\t\t\t\t\t\t\t\t<figure class=\"wp-caption\">\n\t\t\t\t\t\t\t\t\t\t<img loading=\"lazy\" decoding=\"async\" width=\"1000\" height=\"750\" src=\"https:\/\/arkdrilling.com\/wp-content\/uploads\/2021\/06\/sondaj-makinasi-fiyatlari.jpg\" class=\"attachment-large size-large wp-image-4142\" alt=\"Sondaj makinas\u0131 fiyatlar\u0131\" srcset=\"https:\/\/arkdrilling.com\/wp-content\/uploads\/2021\/06\/sondaj-makinasi-fiyatlari.jpg 1000w, https:\/\/arkdrilling.com\/wp-content\/uploads\/2021\/06\/sondaj-makinasi-fiyatlari-300x225.jpg 300w, https:\/\/arkdrilling.com\/wp-content\/uploads\/2021\/06\/sondaj-makinasi-fiyatlari-768x576.jpg 768w\" sizes=\"auto, (max-width: 1000px) 100vw, 1000px\" \/>\t\t\t\t\t\t\t\t\t\t\t<figcaption class=\"widget-image-caption wp-caption-text\">Sondaj makinas\u0131 fiyatlar\u0131<\/figcaption>\n\t\t\t\t\t\t\t\t\t\t<\/figure>\n\t\t\t\t\t\t\t\t\t<\/div>\n\t\t\t\t<\/div>\n\t\t\t\t\t<\/div>\n\t\t<\/div>\n\t\t\t\t\t\t\t<\/div>\n\t\t<\/section>\n\t\t\t\t\t\t\t<\/div>\n\t\t","protected":false},"excerpt":{"rendered":"<p>Konya Sondaj Makinas\u0131 \u00dcreticisi ARK Drilling Konya Sondaj Makinas\u0131 \u00dcreticisi ARK Sondaj olarak Konya&#8217;da sondaj makinas\u0131 \u00fcretimi yapmaktay\u0131z. Yer alt\u0131nda bulunan kaynaklar\u0131n (su, maden, petrol, do\u011falgaz vb. ) yer\u00fcst\u00fcne \u00e7\u0131karmak i\u00e7in yap\u0131lan, bilimsel ve teknik y\u00f6ntemlerle kuyu a\u00e7ma \u00e7al\u0131\u015fmalar\u0131na sondaj denilir. Sondaj \u00e7al\u0131\u015fmalar\u0131nda ama\u00e7, yeralt\u0131nda bulunan kaynaklar\u0131n verimli bir \u015fekilde yer\u00fcst\u00fcne \u00e7\u0131kar\u0131lmas\u0131d\u0131r. Bunun \u00e7al\u0131\u015fmalar i\u00e7in &#8230; <a title=\"Konya Sondaj Makinas\u0131 \u00dcreticisi\" class=\"read-more\" href=\"https:\/\/arkdrilling.com\/tr\/konya-sondaj-makinasi\/\" aria-label=\"More on Konya Sondaj Makinas\u0131 \u00dcreticisi\">Devam\u0131n\u0131 oku<\/a><\/p>\n","protected":false},"author":1,"featured_media":0,"parent":0,"menu_order":0,"comment_status":"closed","ping_status":"closed","template":"elementor_header_footer","meta":{"footnotes":""},"class_list":["post-4160","page","type-page","status-publish"],"_links":{"self":[{"href":"https:\/\/arkdrilling.com\/tr\/wp-json\/wp\/v2\/pages\/4160","targetHints":{"allow":["GET"]}}],"collection":[{"href":"https:\/\/arkdrilling.com\/tr\/wp-json\/wp\/v2\/pages"}],"about":[{"href":"https:\/\/arkdrilling.com\/tr\/wp-json\/wp\/v2\/types\/page"}],"author":[{"embeddable":true,"href":"https:\/\/arkdrilling.com\/tr\/wp-json\/wp\/v2\/users\/1"}],"replies":[{"embeddable":true,"href":"https:\/\/arkdrilling.com\/tr\/wp-json\/wp\/v2\/comments?post=4160"}],"version-history":[{"count":0,"href":"https:\/\/arkdrilling.com\/tr\/wp-json\/wp\/v2\/pages\/4160\/revisions"}],"wp:attachment":[{"href":"https:\/\/arkdrilling.com\/tr\/wp-json\/wp\/v2\/media?parent=4160"}],"curies":[{"name":"wp","href":"https:\/\/api.w.org\/{rel}","templated":true}]}}